{"id":63,"date":"2015-01-16T23:15:21","date_gmt":"2015-01-16T23:15:21","guid":{"rendered":"http:\/\/totaltheme.wpengine.com\/portfolio\/?page_id=63"},"modified":"2025-11-02T21:37:47","modified_gmt":"2025-11-02T21:37:47","slug":"iletisim","status":"publish","type":"page","link":"https:\/\/tasarimtakarim.com\/index.php\/iletisim\/","title":{"rendered":"\u0130leti\u015fim"},"content":{"rendered":"[vc_row center_row=&#8221;&#8221;][vc_column width=&#8221;2\/3&#8243;][vc_column_text]\n<h3><span style=\"font-family: 'Open Sans';\">Nas\u0131l Sipari\u015f Verebilirsiniz?<\/span><\/h3>\n<ul>\n<li><span style=\"font-family: 'Open Sans';\">Tak\u0131ya d\u00f6n\u00fc\u015ft\u00fcrmek istedi\u011finiz \u00e7izimlerin foto\u011fraflar\u0131n\u0131, tak\u0131 se\u00e7iminizi (bro\u015f\/ kolye\/ bilezik vb.) ve sorular\u0131n\u0131z\u0131 info@tasarimtakarim.com\/ tasarimtakarim@gmail.com adreslerimize\u00a0 e-posta ile yollayabilirsiniz.\u00a0<\/span><\/li>\n<li><span style=\"font-family: 'Open Sans';\">Se\u00e7ti\u011finiz \u00e7izimin foto\u011fraf\u0131\u00a0jpg\/ tiff\/ png veya pdf format\u0131nda olabilir.<\/span><\/li>\n<li><span style=\"font-family: 'Open Sans';\">Yollad\u0131\u011f\u0131n\u0131z \u00e7izim, se\u00e7iminiz\u00a0ve sorular\u0131n\u0131z ile ilgili sizi en k\u0131sa zamanda bilgilendiriyoruz.<\/span><\/li>\n<li><span style=\"font-family: 'Open Sans';\">Onay\u0131n\u0131z ve \u00f6demeniz\u00a0ard\u0131ndan 10 i\u015f g\u00fcn\u00fc i\u00e7inde tak\u0131n\u0131z\u0131 haz\u0131rlay\u0131p, belirtti\u011finiz adrese kargolayarak size ula\u015ft\u0131r\u0131yoruz.<\/span><\/li>\n<\/ul>\n<hr \/>\n<h3><span style=\"font-family: 'Open Sans';\">\u00d6deme se\u00e7enekleri<\/span><\/h3>\n<p><em><span style=\"font-family: 'Open Sans';\">T\u00fcrkiye i\u00e7i sipari\u015fleriniz i\u00e7in:<\/span><\/em><\/p>\n<p><span style=\"font-family: 'Open Sans';\">\u00d6demenizi banka havalesi veya Shopier arac\u0131l\u0131\u011f\u0131yla kredi kart\u0131 ile yapabilirsiniz.\u00a0<\/span><\/p>\n<p><span style=\"font-family: 'Open Sans';\">TL \u00fccretlerimiz yurt i\u00e7i sipari\u015flerimiz i\u00e7in ge\u00e7erlidir. Yurt d\u0131\u015f\u0131 sipari\u015fleriniz i\u00e7in bize e-posta ile veya Etsy d\u00fckkanlar\u0131m\u0131zdan bize ula\u015fabilirsiniz.<\/span><\/p>\n<p style=\"text-align: left;\"><a href=\"https:\/\/www.etsy.com\/shop\/TasarimTakarim\" target=\"_blank\" rel=\"noopener\"><img loading=\"lazy\" decoding=\"async\" class=\"alignleft wp-image-1736\" src=\"http:\/\/tasarimtakarim.com\/wp-content\/uploads\/2015\/01\/images-150x117.png\" width=\"79\" height=\"45\" \/><\/a><\/p>\n<p style=\"text-align: left;\"><span style=\"font-family: 'Open Sans'; font-size: 14px;\">Etsy:\u00a0<a href=\"https:\/\/www.etsy.com\/shop\/TasarimTakarim\" target=\"_blank\" rel=\"noopener\">https:\/\/www.etsy.com\/shop\/TasarimTakarim<\/a><\/span><\/p>\n<p style=\"text-align: left;\"><span style=\"font-family: 'Open Sans'; font-size: 14px;\">\u00a0<\/span><\/p>\n[\/vc_column_text]<div class=\"vcex-module vcex-divider vcex-divider-solid\" style=\"margin-top:45px;margin-bottom:15px;\"><\/div>[\/vc_column][vc_column width=&#8221;1\/3&#8243;][vc_column_text]<strong>e-posta:\u00a0<\/strong><\/p>\n<ul>\n<li><strong>info@ tasarimtakarim.com<\/strong>\u00a0veya<\/li>\n<li><strong>tasarimtakarim@gmail.com<\/strong> &#8216;dan bize\u00a0ula\u015fabilirsiniz.<\/li>\n<\/ul>\n<p><strong>Tel:<\/strong><\/p>\n<p>+90 532 263 37 61<\/p>\n<p><strong>At\u00f6lye:<\/strong><\/p>\n<p>Konac\u0131k &#8211; Bodrum \/ Ac\u0131badem &#8211; \u0130stanbul<\/p>\n<p><span style=\"font-size: 9px;\">Erdin Tasarim Uygulama ve Bilgisayar Dan\u0131\u015fmanl\u0131k<\/span><\/p>\n<p><span style=\"font-size: 9px;\">Be\u015fikta\u015f vd. 3470060217<\/span><\/p>\n","protected":false},"excerpt":{"rendered":"<p>[vc_row center_row=&#8221;&#8221;][vc_column width=&#8221;2\/3&#8243;][vc_column_text] Nas\u0131l Sipari\u015f Verebilirsiniz? Tak\u0131ya d\u00f6n\u00fc\u015ft\u00fcrmek istedi\u011finiz \u00e7izimlerin foto\u011fraflar\u0131n\u0131, tak\u0131 se\u00e7iminizi (bro\u015f\/ kolye\/ bilezik vb.) ve sorular\u0131n\u0131z\u0131 info@tasarimtakarim.com\/ tasarimtakarim@gmail.com adreslerimize\u00a0 e-posta ile yollayabilirsiniz.\u00a0 Se\u00e7ti\u011finiz \u00e7izimin foto\u011fraf\u0131\u00a0jpg\/ tiff\/ png veya pdf format\u0131nda olabilir. Yollad\u0131\u011f\u0131n\u0131z \u00e7izim, se\u00e7iminiz\u00a0ve sorular\u0131n\u0131z ile ilgili&hellip;<\/p>\n","protected":false},"author":1,"featured_media":0,"parent":0,"menu_order":0,"comment_status":"closed","ping_status":"open","template":"","meta":{"_monsterinsights_skip_tracking":false,"_monsterinsights_sitenote_active":false,"_monsterinsights_sitenote_note":"","_monsterinsights_sitenote_category":0,"footnotes":""},"class_list":["post-63","page","type-page","status-publish","hentry","entry","no-media"],"aioseo_notices":[],"_links":{"self":[{"href":"https:\/\/tasarimtakarim.com\/index.php\/wp-json\/wp\/v2\/pages\/63","targetHints":{"allow":["GET"]}}],"collection":[{"href":"https:\/\/tasarimtakarim.com\/index.php\/wp-json\/wp\/v2\/pages"}],"about":[{"href":"https:\/\/tasarimtakarim.com\/index.php\/wp-json\/wp\/v2\/types\/page"}],"author":[{"embeddable":true,"href":"https:\/\/tasarimtakarim.com\/index.php\/wp-json\/wp\/v2\/users\/1"}],"replies":[{"embeddable":true,"href":"https:\/\/tasarimtakarim.com\/index.php\/wp-json\/wp\/v2\/comments?post=63"}],"version-history":[{"count":31,"href":"https:\/\/tasarimtakarim.com\/index.php\/wp-json\/wp\/v2\/pages\/63\/revisions"}],"predecessor-version":[{"id":2591,"href":"https:\/\/tasarimtakarim.com\/index.php\/wp-json\/wp\/v2\/pages\/63\/revisions\/2591"}],"wp:attachment":[{"href":"https:\/\/tasarimtakarim.com\/index.php\/wp-json\/wp\/v2\/media?parent=63"}],"curies":[{"name":"wp","href":"https:\/\/api.w.org\/{rel}","templated":true}]}}