{"id":40,"date":"2015-01-16T21:43:09","date_gmt":"2015-01-16T21:43:09","guid":{"rendered":"http:\/\/totaltheme.wpengine.com\/portfolio\/?page_id=40"},"modified":"2016-10-31T10:09:21","modified_gmt":"2016-10-31T10:09:21","slug":"portfolio","status":"publish","type":"page","link":"https:\/\/tasarimtakarim.com\/index.php\/portfolio\/","title":{"rendered":"Tak\u0131lar"},"content":{"rendered":"[vc_row margin_bottom=&#8221;0px&#8221; padding_bottom=&#8221;0px&#8221;][vc_column]<div class=\"vcex-module vcex-portfolio-grid-wrap wpex-clr\"><div class=\"wpex-row vcex-portfolio-grid wpex-clr entries gap-20 match-height-grid vcex-isotope-grid\" data-layout-mode=\"fitRows\" data-transition-duration=\"0.0\"><div class=\"portfolio-entry entry-has-details span_1_of_3 col col-1 vcex-isotope-entry post-2448 entry type-portfolio has-media\"><div class=\"portfolio-entry-inner entry-inner wpex-clr\"><div class=\"portfolio-entry-media entry-media wpex-clr overlay-parent overlay-parent-plus-hover\"><a href=\"https:\/\/tasarimtakarim.com\/index.php\/portfolio-item\/hatira-parasi\/\" title=\"Hat\u0131ra Paras\u0131\" class=\"portfolio-entry-media-link\"><img loading=\"lazy\" decoding=\"async\" width=\"1080\" height=\"1080\" src=\"https:\/\/tasarimtakarim.com\/wp-content\/uploads\/2022\/03\/003-web.jpg\" class=\"portfolio-entry-img\" alt=\"Hat\u0131ra Paras\u0131\" srcset=\"https:\/\/tasarimtakarim.com\/wp-content\/uploads\/2022\/03\/003-web.jpg 1080w, https:\/\/tasarimtakarim.com\/wp-content\/uploads\/2022\/03\/003-web-300x300.jpg 300w, https:\/\/tasarimtakarim.com\/wp-content\/uploads\/2022\/03\/003-web-1024x1024.jpg 1024w, https:\/\/tasarimtakarim.com\/wp-content\/uploads\/2022\/03\/003-web-150x150.jpg 150w, https:\/\/tasarimtakarim.com\/wp-content\/uploads\/2022\/03\/003-web-768x768.jpg 768w, https:\/\/tasarimtakarim.com\/wp-content\/uploads\/2022\/03\/003-web-125x125.jpg 125w\" sizes=\"auto, (max-width: 1080px) 100vw, 1080px\" \/>\n<span class=\"overlay-plus-hover overlay-hide theme-overlay\"><\/span><\/a><\/div><div class=\"portfolio-entry-details entry-details wpex-clr\"><div class=\"match-height-content\"><h2 class=\"portfolio-entry-title entry-title\" style=\"font-size:14px;text-transform:uppercase;\"><a href=\"https:\/\/tasarimtakarim.com\/index.php\/portfolio-item\/hatira-parasi\/\" title=\"Hat\u0131ra Paras\u0131\">Hat\u0131ra Paras\u0131<\/a><\/h2><div class=\"portfolio-entry-excerpt entry-excerpt wpex-clr\" style=\"font-size:14px;\"><p>\u00c7ocu\u011funuzun \u00e7izimlerini size \u00f6zel ve benzersiz hat\u0131ra paralar\u0131na\u00a0 d\u00f6n\u00fc\u015ft\u00fcr\u00fcn...<\/p><\/div><\/div><\/div><\/div><\/div><div class=\"portfolio-entry entry-has-details span_1_of_3 col col-2 vcex-isotope-entry post-1470 entry type-portfolio has-media\"><div class=\"portfolio-entry-inner entry-inner wpex-clr\"><div class=\"portfolio-entry-media entry-media wpex-clr overlay-parent overlay-parent-plus-hover\"><a href=\"https:\/\/tasarimtakarim.com\/index.php\/portfolio-item\/gumus-kolye\/\" title=\"Kolye\" class=\"portfolio-entry-media-link\"><img loading=\"lazy\" decoding=\"async\" width=\"1965\" height=\"1965\" src=\"https:\/\/tasarimtakarim.com\/wp-content\/uploads\/2016\/09\/Kolye.jpg\" class=\"portfolio-entry-img\" alt=\"Kolye\" srcset=\"https:\/\/tasarimtakarim.com\/wp-content\/uploads\/2016\/09\/Kolye.jpg 1965w, https:\/\/tasarimtakarim.com\/wp-content\/uploads\/2016\/09\/Kolye-150x150.jpg 150w, https:\/\/tasarimtakarim.com\/wp-content\/uploads\/2016\/09\/Kolye-300x300.jpg 300w, https:\/\/tasarimtakarim.com\/wp-content\/uploads\/2016\/09\/Kolye-768x768.jpg 768w, https:\/\/tasarimtakarim.com\/wp-content\/uploads\/2016\/09\/Kolye-1024x1024.jpg 1024w, https:\/\/tasarimtakarim.com\/wp-content\/uploads\/2016\/09\/Kolye-125x125.jpg 125w, https:\/\/tasarimtakarim.com\/wp-content\/uploads\/2016\/09\/Kolye-80x80.jpg 80w\" sizes=\"auto, (max-width: 1965px) 100vw, 1965px\" \/>\n<span class=\"overlay-plus-hover overlay-hide theme-overlay\"><\/span><\/a><\/div><div class=\"portfolio-entry-details entry-details wpex-clr\"><div class=\"match-height-content\"><h2 class=\"portfolio-entry-title entry-title\" style=\"font-size:14px;text-transform:uppercase;\"><a href=\"https:\/\/tasarimtakarim.com\/index.php\/portfolio-item\/gumus-kolye\/\" title=\"Kolye\">Kolye<\/a><\/h2><div class=\"portfolio-entry-excerpt entry-excerpt wpex-clr\" style=\"font-size:14px;\"><p>\u00c7ocu\u011funuzun \u00e7izimlerini size \u00f6zel ve benzersiz kolyelere d\u00f6n\u00fc\u015ft\u00fcr\u00fcn...<\/p><\/div><\/div><\/div><\/div><\/div><div class=\"portfolio-entry entry-has-details span_1_of_3 col col-3 vcex-isotope-entry post-1591 entry type-portfolio has-media\"><div class=\"portfolio-entry-inner entry-inner wpex-clr\"><div class=\"portfolio-entry-media entry-media wpex-clr overlay-parent overlay-parent-plus-hover\"><a href=\"https:\/\/tasarimtakarim.com\/index.php\/portfolio-item\/bros\/\" title=\"Bro\u015f\" class=\"portfolio-entry-media-link\"><img loading=\"lazy\" decoding=\"async\" width=\"2576\" height=\"2576\" src=\"https:\/\/tasarimtakarim.com\/wp-content\/uploads\/2016\/09\/Tasarim-Takrim-Bro\u015f-03.jpg\" class=\"portfolio-entry-img\" alt=\"Bro\u015f\" srcset=\"https:\/\/tasarimtakarim.com\/wp-content\/uploads\/2016\/09\/Tasarim-Takrim-Bro\u015f-03.jpg 2576w, https:\/\/tasarimtakarim.com\/wp-content\/uploads\/2016\/09\/Tasarim-Takrim-Bro\u015f-03-150x150.jpg 150w, https:\/\/tasarimtakarim.com\/wp-content\/uploads\/2016\/09\/Tasarim-Takrim-Bro\u015f-03-300x300.jpg 300w, https:\/\/tasarimtakarim.com\/wp-content\/uploads\/2016\/09\/Tasarim-Takrim-Bro\u015f-03-768x768.jpg 768w, https:\/\/tasarimtakarim.com\/wp-content\/uploads\/2016\/09\/Tasarim-Takrim-Bro\u015f-03-1024x1024.jpg 1024w, https:\/\/tasarimtakarim.com\/wp-content\/uploads\/2016\/09\/Tasarim-Takrim-Bro\u015f-03-125x125.jpg 125w\" sizes=\"auto, (max-width: 2576px) 100vw, 2576px\" \/>\n<span class=\"overlay-plus-hover overlay-hide theme-overlay\"><\/span><\/a><\/div><div class=\"portfolio-entry-details entry-details wpex-clr\"><div class=\"match-height-content\"><h2 class=\"portfolio-entry-title entry-title\" style=\"font-size:14px;text-transform:uppercase;\"><a href=\"https:\/\/tasarimtakarim.com\/index.php\/portfolio-item\/bros\/\" title=\"Bro\u015f\">Bro\u015f<\/a><\/h2><div class=\"portfolio-entry-excerpt entry-excerpt wpex-clr\" style=\"font-size:14px;\"><p>\u00c7ocu\u011funuzun \u00e7izimlerini tak\u0131labilir an\u0131lara d\u00f6n\u00fc\u015ft\u00fcr\u00fcn...<\/p><\/div><\/div><\/div><\/div><\/div><div class=\"portfolio-entry entry-has-details span_1_of_3 col col-1 vcex-isotope-entry post-1704 entry type-portfolio has-media\"><div class=\"portfolio-entry-inner entry-inner wpex-clr\"><div class=\"portfolio-entry-media entry-media wpex-clr overlay-parent overlay-parent-plus-hover\"><a href=\"https:\/\/tasarimtakarim.com\/index.php\/portfolio-item\/masaustu-heykelcigi\/\" title=\"Masa\u00fcst\u00fc heykelci\u011fi\" class=\"portfolio-entry-media-link\"><img loading=\"lazy\" decoding=\"async\" width=\"570\" height=\"570\" src=\"https:\/\/tasarimtakarim.com\/wp-content\/uploads\/2016\/10\/Nil-Ersoy.jpg\" class=\"portfolio-entry-img\" alt=\"Masa\u00fcst\u00fc heykelci\u011fi\" srcset=\"https:\/\/tasarimtakarim.com\/wp-content\/uploads\/2016\/10\/Nil-Ersoy.jpg 570w, https:\/\/tasarimtakarim.com\/wp-content\/uploads\/2016\/10\/Nil-Ersoy-150x150.jpg 150w, https:\/\/tasarimtakarim.com\/wp-content\/uploads\/2016\/10\/Nil-Ersoy-300x300.jpg 300w, https:\/\/tasarimtakarim.com\/wp-content\/uploads\/2016\/10\/Nil-Ersoy-125x125.jpg 125w\" sizes=\"auto, (max-width: 570px) 100vw, 570px\" \/>\n<span class=\"overlay-plus-hover overlay-hide theme-overlay\"><\/span><\/a><\/div><div class=\"portfolio-entry-details entry-details wpex-clr\"><div class=\"match-height-content\"><h2 class=\"portfolio-entry-title entry-title\" style=\"font-size:14px;text-transform:uppercase;\"><a href=\"https:\/\/tasarimtakarim.com\/index.php\/portfolio-item\/masaustu-heykelcigi\/\" title=\"Masa\u00fcst\u00fc heykelci\u011fi\">Masa\u00fcst\u00fc heykelci\u011fi<\/a><\/h2><div class=\"portfolio-entry-excerpt entry-excerpt wpex-clr\" style=\"font-size:14px;\"><p>\u00c7ocu\u011funuzun \u00e7izimlerini size \u00f6zel ve benzersiz masa\u00fcst\u00fc\u00a0heykelciklerine d\u00f6n\u00fc\u015ft\u00fcr\u00fcn...<\/p><\/div><\/div><\/div><\/div><\/div><div class=\"portfolio-entry entry-has-details span_1_of_3 col col-2 vcex-isotope-entry post-1938 entry type-portfolio has-media\"><div class=\"portfolio-entry-inner entry-inner wpex-clr\"><div class=\"portfolio-entry-media entry-media wpex-clr overlay-parent overlay-parent-plus-hover\"><a href=\"https:\/\/tasarimtakarim.com\/index.php\/portfolio-item\/kol-dugmesi\/\" title=\"Kol d\u00fc\u011fmesi\" class=\"portfolio-entry-media-link\"><img loading=\"lazy\" decoding=\"async\" width=\"2576\" height=\"2576\" src=\"https:\/\/tasarimtakarim.com\/wp-content\/uploads\/2016\/10\/Ewa-Bankiewicz02.jpg\" class=\"portfolio-entry-img\" alt=\"Kol d\u00fc\u011fmesi\" srcset=\"https:\/\/tasarimtakarim.com\/wp-content\/uploads\/2016\/10\/Ewa-Bankiewicz02.jpg 2576w, https:\/\/tasarimtakarim.com\/wp-content\/uploads\/2016\/10\/Ewa-Bankiewicz02-150x150.jpg 150w, https:\/\/tasarimtakarim.com\/wp-content\/uploads\/2016\/10\/Ewa-Bankiewicz02-300x300.jpg 300w, https:\/\/tasarimtakarim.com\/wp-content\/uploads\/2016\/10\/Ewa-Bankiewicz02-768x768.jpg 768w, https:\/\/tasarimtakarim.com\/wp-content\/uploads\/2016\/10\/Ewa-Bankiewicz02-1024x1024.jpg 1024w, https:\/\/tasarimtakarim.com\/wp-content\/uploads\/2016\/10\/Ewa-Bankiewicz02-125x125.jpg 125w\" sizes=\"auto, (max-width: 2576px) 100vw, 2576px\" \/>\n<span class=\"overlay-plus-hover overlay-hide theme-overlay\"><\/span><\/a><\/div><div class=\"portfolio-entry-details entry-details wpex-clr\"><div class=\"match-height-content\"><h2 class=\"portfolio-entry-title entry-title\" style=\"font-size:14px;text-transform:uppercase;\"><a href=\"https:\/\/tasarimtakarim.com\/index.php\/portfolio-item\/kol-dugmesi\/\" title=\"Kol d\u00fc\u011fmesi\">Kol d\u00fc\u011fmesi<\/a><\/h2><div class=\"portfolio-entry-excerpt entry-excerpt wpex-clr\" style=\"font-size:14px;\"><p>\u00c7ocu\u011funuzun \u00e7izimlerini size \u00f6zel ve benzersiz kol d\u00fc\u011fmelerinde ta\u015f\u0131y\u0131n...<\/p><\/div><\/div><\/div><\/div><\/div><div class=\"portfolio-entry entry-has-details span_1_of_3 col col-3 vcex-isotope-entry post-1978 entry type-portfolio has-media\"><div class=\"portfolio-entry-inner entry-inner wpex-clr\"><div class=\"portfolio-entry-media entry-media wpex-clr overlay-parent overlay-parent-plus-hover\"><a href=\"https:\/\/tasarimtakarim.com\/index.php\/portfolio-item\/bilezik\/\" title=\"Bilezik\" class=\"portfolio-entry-media-link\"><img loading=\"lazy\" decoding=\"async\" width=\"2576\" height=\"2576\" src=\"https:\/\/tasarimtakarim.com\/wp-content\/uploads\/2016\/10\/Aki-Wong-Ki-Wong-02.jpg\" class=\"portfolio-entry-img\" alt=\"Bilezik\" srcset=\"https:\/\/tasarimtakarim.com\/wp-content\/uploads\/2016\/10\/Aki-Wong-Ki-Wong-02.jpg 2576w, https:\/\/tasarimtakarim.com\/wp-content\/uploads\/2016\/10\/Aki-Wong-Ki-Wong-02-150x150.jpg 150w, https:\/\/tasarimtakarim.com\/wp-content\/uploads\/2016\/10\/Aki-Wong-Ki-Wong-02-300x300.jpg 300w, https:\/\/tasarimtakarim.com\/wp-content\/uploads\/2016\/10\/Aki-Wong-Ki-Wong-02-768x768.jpg 768w, https:\/\/tasarimtakarim.com\/wp-content\/uploads\/2016\/10\/Aki-Wong-Ki-Wong-02-1024x1024.jpg 1024w, https:\/\/tasarimtakarim.com\/wp-content\/uploads\/2016\/10\/Aki-Wong-Ki-Wong-02-125x125.jpg 125w\" sizes=\"auto, (max-width: 2576px) 100vw, 2576px\" \/>\n<span class=\"overlay-plus-hover overlay-hide theme-overlay\"><\/span><\/a><\/div><div class=\"portfolio-entry-details entry-details wpex-clr\"><div class=\"match-height-content\"><h2 class=\"portfolio-entry-title entry-title\" style=\"font-size:14px;text-transform:uppercase;\"><a href=\"https:\/\/tasarimtakarim.com\/index.php\/portfolio-item\/bilezik\/\" title=\"Bilezik\">Bilezik<\/a><\/h2><div class=\"portfolio-entry-excerpt entry-excerpt wpex-clr\" style=\"font-size:14px;\"><p>\u00c7ocu\u011funuzun \u00e7izimlerinden size \u00f6zel benzersiz bilezikler...<\/p><\/div><\/div><\/div><\/div><\/div><div class=\"portfolio-entry entry-has-details span_1_of_3 col col-1 vcex-isotope-entry post-1985 entry type-portfolio has-media\"><div class=\"portfolio-entry-inner entry-inner wpex-clr\"><div class=\"portfolio-entry-media entry-media wpex-clr overlay-parent overlay-parent-plus-hover\"><a href=\"https:\/\/tasarimtakarim.com\/index.php\/portfolio-item\/deri-bilezik\/\" title=\"Deri Bilezik\" class=\"portfolio-entry-media-link\"><img loading=\"lazy\" decoding=\"async\" width=\"2576\" height=\"2576\" src=\"https:\/\/tasarimtakarim.com\/wp-content\/uploads\/2016\/10\/Ahu-Batum-Cengiz-Ata-Kaan-Cengiz-2.jpg\" class=\"portfolio-entry-img\" alt=\"Deri Bilezik\" srcset=\"https:\/\/tasarimtakarim.com\/wp-content\/uploads\/2016\/10\/Ahu-Batum-Cengiz-Ata-Kaan-Cengiz-2.jpg 2576w, https:\/\/tasarimtakarim.com\/wp-content\/uploads\/2016\/10\/Ahu-Batum-Cengiz-Ata-Kaan-Cengiz-2-150x150.jpg 150w, https:\/\/tasarimtakarim.com\/wp-content\/uploads\/2016\/10\/Ahu-Batum-Cengiz-Ata-Kaan-Cengiz-2-300x300.jpg 300w, https:\/\/tasarimtakarim.com\/wp-content\/uploads\/2016\/10\/Ahu-Batum-Cengiz-Ata-Kaan-Cengiz-2-768x768.jpg 768w, https:\/\/tasarimtakarim.com\/wp-content\/uploads\/2016\/10\/Ahu-Batum-Cengiz-Ata-Kaan-Cengiz-2-1024x1024.jpg 1024w, https:\/\/tasarimtakarim.com\/wp-content\/uploads\/2016\/10\/Ahu-Batum-Cengiz-Ata-Kaan-Cengiz-2-125x125.jpg 125w, https:\/\/tasarimtakarim.com\/wp-content\/uploads\/2016\/10\/Ahu-Batum-Cengiz-Ata-Kaan-Cengiz-2-80x80.jpg 80w\" sizes=\"auto, (max-width: 2576px) 100vw, 2576px\" \/>\n<span class=\"overlay-plus-hover overlay-hide theme-overlay\"><\/span><\/a><\/div><div class=\"portfolio-entry-details entry-details wpex-clr\"><div class=\"match-height-content\"><h2 class=\"portfolio-entry-title entry-title\" style=\"font-size:14px;text-transform:uppercase;\"><a href=\"https:\/\/tasarimtakarim.com\/index.php\/portfolio-item\/deri-bilezik\/\" title=\"Deri Bilezik\">Deri Bilezik<\/a><\/h2><div class=\"portfolio-entry-excerpt entry-excerpt wpex-clr\" style=\"font-size:14px;\"><p>\u00c7ocu\u011funuzun \u00e7izimlerini size \u00f6zel ve benzersiz tak\u0131lara d\u00f6n\u00fc\u015ft\u00fcr\u00fcn...<\/p><\/div><\/div><\/div><\/div><\/div><div class=\"portfolio-entry entry-has-details span_1_of_3 col col-2 vcex-isotope-entry post-2221 entry type-portfolio has-media\"><div class=\"portfolio-entry-inner entry-inner wpex-clr\"><div class=\"portfolio-entry-media entry-media wpex-clr overlay-parent overlay-parent-plus-hover\"><a href=\"https:\/\/tasarimtakarim.com\/index.php\/portfolio-item\/anahtarlik\/\" title=\"G\u00fcm\u00fc\u015f Anahtarl\u0131k\" class=\"portfolio-entry-media-link\"><img loading=\"lazy\" decoding=\"async\" width=\"2576\" height=\"2576\" src=\"https:\/\/tasarimtakarim.com\/wp-content\/uploads\/2016\/10\/anahtarl\u0131k-1.jpg\" class=\"portfolio-entry-img\" alt=\"G\u00fcm\u00fc\u015f Anahtarl\u0131k\" srcset=\"https:\/\/tasarimtakarim.com\/wp-content\/uploads\/2016\/10\/anahtarl\u0131k-1.jpg 2576w, https:\/\/tasarimtakarim.com\/wp-content\/uploads\/2016\/10\/anahtarl\u0131k-1-150x150.jpg 150w, https:\/\/tasarimtakarim.com\/wp-content\/uploads\/2016\/10\/anahtarl\u0131k-1-300x300.jpg 300w, https:\/\/tasarimtakarim.com\/wp-content\/uploads\/2016\/10\/anahtarl\u0131k-1-768x768.jpg 768w, https:\/\/tasarimtakarim.com\/wp-content\/uploads\/2016\/10\/anahtarl\u0131k-1-1024x1024.jpg 1024w, https:\/\/tasarimtakarim.com\/wp-content\/uploads\/2016\/10\/anahtarl\u0131k-1-125x125.jpg 125w\" sizes=\"auto, (max-width: 2576px) 100vw, 2576px\" \/>\n<span class=\"overlay-plus-hover overlay-hide theme-overlay\"><\/span><\/a><\/div><div class=\"portfolio-entry-details entry-details wpex-clr\"><div class=\"match-height-content\"><h2 class=\"portfolio-entry-title entry-title\" style=\"font-size:14px;text-transform:uppercase;\"><a href=\"https:\/\/tasarimtakarim.com\/index.php\/portfolio-item\/anahtarlik\/\" title=\"G\u00fcm\u00fc\u015f Anahtarl\u0131k\">G\u00fcm\u00fc\u015f Anahtarl\u0131k<\/a><\/h2><div class=\"portfolio-entry-excerpt entry-excerpt wpex-clr\" style=\"font-size:14px;\"><p>\u00c7ocu\u011funuzun \u00e7izimlerini \u00f6zel, benzersiz anahtarl\u0131klara d\u00f6n\u00fc\u015ft\u00fcrebilirsiniz...<\/p><\/div><\/div><\/div><\/div><\/div><div class=\"portfolio-entry entry-has-details span_1_of_3 col col-3 vcex-isotope-entry post-2225 entry type-portfolio has-media\"><div class=\"portfolio-entry-inner entry-inner wpex-clr\"><div class=\"portfolio-entry-media entry-media wpex-clr overlay-parent overlay-parent-plus-hover\"><a href=\"https:\/\/tasarimtakarim.com\/index.php\/portfolio-item\/kupe\/\" title=\"K\u00fcpe\" class=\"portfolio-entry-media-link\"><img loading=\"lazy\" decoding=\"async\" width=\"2576\" height=\"2576\" src=\"https:\/\/tasarimtakarim.com\/wp-content\/uploads\/2016\/10\/k\u00fcpe2-1.jpg\" class=\"portfolio-entry-img\" alt=\"K\u00fcpe\" srcset=\"https:\/\/tasarimtakarim.com\/wp-content\/uploads\/2016\/10\/k\u00fcpe2-1.jpg 2576w, https:\/\/tasarimtakarim.com\/wp-content\/uploads\/2016\/10\/k\u00fcpe2-1-150x150.jpg 150w, https:\/\/tasarimtakarim.com\/wp-content\/uploads\/2016\/10\/k\u00fcpe2-1-300x300.jpg 300w, https:\/\/tasarimtakarim.com\/wp-content\/uploads\/2016\/10\/k\u00fcpe2-1-768x768.jpg 768w, https:\/\/tasarimtakarim.com\/wp-content\/uploads\/2016\/10\/k\u00fcpe2-1-1024x1024.jpg 1024w, https:\/\/tasarimtakarim.com\/wp-content\/uploads\/2016\/10\/k\u00fcpe2-1-125x125.jpg 125w\" sizes=\"auto, (max-width: 2576px) 100vw, 2576px\" \/>\n<span class=\"overlay-plus-hover overlay-hide theme-overlay\"><\/span><\/a><\/div><div class=\"portfolio-entry-details entry-details wpex-clr\"><div class=\"match-height-content\"><h2 class=\"portfolio-entry-title entry-title\" style=\"font-size:14px;text-transform:uppercase;\"><a href=\"https:\/\/tasarimtakarim.com\/index.php\/portfolio-item\/kupe\/\" title=\"K\u00fcpe\">K\u00fcpe<\/a><\/h2><div class=\"portfolio-entry-excerpt entry-excerpt wpex-clr\" style=\"font-size:14px;\"><p>\u00c7ocu\u011funuzun \u00e7izimlerini size \u00f6zel ve benzersiz g\u00fcm\u00fc\u015f k\u00fcpeler...<\/p><\/div><\/div><\/div><\/div><\/div><div class=\"portfolio-entry entry-has-details span_1_of_3 col col-1 vcex-isotope-entry post-2246 entry type-portfolio has-media\"><div class=\"portfolio-entry-inner entry-inner wpex-clr\"><div class=\"portfolio-entry-media entry-media wpex-clr overlay-parent overlay-parent-plus-hover\"><a href=\"https:\/\/tasarimtakarim.com\/index.php\/portfolio-item\/kitap-ayraci\/\" title=\"Kitap Ayrac\u0131\" class=\"portfolio-entry-media-link\"><img loading=\"lazy\" decoding=\"async\" width=\"2576\" height=\"2576\" src=\"https:\/\/tasarimtakarim.com\/wp-content\/uploads\/2017\/05\/bookmark2.jpg\" class=\"portfolio-entry-img\" alt=\"Kitap Ayrac\u0131\" srcset=\"https:\/\/tasarimtakarim.com\/wp-content\/uploads\/2017\/05\/bookmark2.jpg 2576w, https:\/\/tasarimtakarim.com\/wp-content\/uploads\/2017\/05\/bookmark2-150x150.jpg 150w, https:\/\/tasarimtakarim.com\/wp-content\/uploads\/2017\/05\/bookmark2-300x300.jpg 300w, https:\/\/tasarimtakarim.com\/wp-content\/uploads\/2017\/05\/bookmark2-768x768.jpg 768w, https:\/\/tasarimtakarim.com\/wp-content\/uploads\/2017\/05\/bookmark2-1024x1024.jpg 1024w, https:\/\/tasarimtakarim.com\/wp-content\/uploads\/2017\/05\/bookmark2-125x125.jpg 125w\" sizes=\"auto, (max-width: 2576px) 100vw, 2576px\" \/>\n<span class=\"overlay-plus-hover overlay-hide theme-overlay\"><\/span><\/a><\/div><div class=\"portfolio-entry-details entry-details wpex-clr\"><div class=\"match-height-content\"><h2 class=\"portfolio-entry-title entry-title\" style=\"font-size:14px;text-transform:uppercase;\"><a href=\"https:\/\/tasarimtakarim.com\/index.php\/portfolio-item\/kitap-ayraci\/\" title=\"Kitap Ayrac\u0131\">Kitap Ayrac\u0131<\/a><\/h2><div class=\"portfolio-entry-excerpt entry-excerpt wpex-clr\" style=\"font-size:14px;\"><p>\u00c7ocu\u011funuzun \u00e7izimlerini size \u00f6zel ve benzersiz kitap ayra\u00e7lar\u0131na d\u00f6n\u00fc\u015ft\u00fcr\u00fcn...<\/p><\/div><\/div><\/div><\/div><\/div><\/div><\/div>[\/vc_column][\/vc_row]\n","protected":false},"excerpt":{"rendered":"<p>[vc_row margin_bottom=&#8221;0px&#8221; padding_bottom=&#8221;0px&#8221;][vc_column][\/vc_column][\/vc_row]<\/p>\n","protected":false},"author":1,"featured_media":0,"parent":0,"menu_order":0,"comment_status":"closed","ping_status":"closed","template":"","meta":{"_monsterinsights_skip_tracking":false,"_monsterinsights_sitenote_active":false,"_monsterinsights_sitenote_note":"","_monsterinsights_sitenote_category":0,"footnotes":""},"class_list":["post-40","page","type-page","status-publish","hentry","entry","no-media"],"aioseo_notices":[],"_links":{"self":[{"href":"https:\/\/tasarimtakarim.com\/index.php\/wp-json\/wp\/v2\/pages\/40","targetHints":{"allow":["GET"]}}],"collection":[{"href":"https:\/\/tasarimtakarim.com\/index.php\/wp-json\/wp\/v2\/pages"}],"about":[{"href":"https:\/\/tasarimtakarim.com\/index.php\/wp-json\/wp\/v2\/types\/page"}],"author":[{"embeddable":true,"href":"https:\/\/tasarimtakarim.com\/index.php\/wp-json\/wp\/v2\/users\/1"}],"replies":[{"embeddable":true,"href":"https:\/\/tasarimtakarim.com\/index.php\/wp-json\/wp\/v2\/comments?post=40"}],"version-history":[{"count":10,"href":"https:\/\/tasarimtakarim.com\/index.php\/wp-json\/wp\/v2\/pages\/40\/revisions"}],"predecessor-version":[{"id":2008,"href":"https:\/\/tasarimtakarim.com\/index.php\/wp-json\/wp\/v2\/pages\/40\/revisions\/2008"}],"wp:attachment":[{"href":"https:\/\/tasarimtakarim.com\/index.php\/wp-json\/wp\/v2\/media?parent=40"}],"curies":[{"name":"wp","href":"https:\/\/api.w.org\/{rel}","templated":true}]}}