{"id":1212,"date":"2015-01-16T23:49:54","date_gmt":"2015-01-16T23:49:54","guid":{"rendered":"http:\/\/totaltheme.wpengine.com\/portfolio\/?page_id=73"},"modified":"2025-11-02T21:36:56","modified_gmt":"2025-11-02T21:36:56","slug":"our-team","status":"publish","type":"page","link":"https:\/\/tasarimtakarim.com\/index.php\/our-team\/","title":{"rendered":"Biz kimiz"},"content":{"rendered":"[vc_row][vc_column][vc_column_text]\n<blockquote>\n<h3>\u00c7izimlerin \u00e7ocuklar\u0131n yarat\u0131c\u0131l\u0131klar\u0131n\u0131n en de\u011ferli yap\u0131 ta\u015flar\u0131 oldu\u011funa inan\u0131yoruz ve Tasar\u0131m Takar\u0131m At\u00f6lyesinde, bu de\u011ferli\u00a0\u00e7izimleri hayat boyu kal\u0131c\u0131 bir\u00a0an\u0131ya; tak\u0131labilir sanat objelerine d\u00f6n\u00fc\u015ft\u00fcr\u00fcyoruz.<\/h3>\n<\/blockquote>\n[\/vc_column_text][vc_column_text]<span style=\"font-weight: 400;\">Biz iki sanat\u00e7\u0131 anne olarak, \u00e7izimlerin \u00e7ocuklar\u0131n yarat\u0131c\u0131l\u0131klar\u0131n\u0131n en de\u011ferli yap\u0131 ta\u015flar\u0131 oldu\u011funa ve onlar\u0131 desteklemenin \u00f6nemine inan\u0131yoruz.<\/span><\/p>\n<p><span style=\"font-weight: 400;\">\u00c7ocuklar\u0131m\u0131z\u0131n ilk \u00e7izimlerini saklama ve onlar\u0131n yarat\u0131c\u0131l\u0131klar\u0131n\u0131 destekleme iste\u011fimiz, \u00e7ocuk \u00e7izimlerini zamans\u0131z, k\u0131ymetli an\u0131lara d\u00f6n\u00fc\u015ft\u00fcrme fikrini do\u011furdu. \u00d6zg\u00fcr\u2019\u00fcn o\u011flunun ilk bo\u011fa \u00e7iziminden yapt\u0131\u011f\u0131 bro\u015ftan yola \u00e7\u0131karak, \u00e7ocuklar\u0131n \u00e7izimlerini tak\u0131lara d\u00f6n\u00fc\u015ft\u00fcrmeye ba\u015flad\u0131k ve \u00e7ocuklara, \u00e7izimlerinin de\u011ferli ve biricik oldu\u011funu g\u00f6stermeyi ama\u00e7lad\u0131k.<\/span><\/p>\n<p>Professional Jeweller, The Hufflington Post, The Oprah Magazine, Bored Panda, Marie Claire, The Colosal\u2026 gibi pek \u00e7ok uluslararas\u0131 bas\u0131n\u0131n ve sosyal medyan\u0131n da ilgisini \u00e7eken\u00a0\u0130stanbul\u2019daki butik at\u00f6lyemiz &#8220;Tasar\u0131m Takar\u0131m&#8221;da, \u015f<span style=\"font-weight: 400;\">u anda 4\u00a0sanat\u00e7\u0131 birlikte bir tak\u0131m olarak \u00e7al\u0131\u015f\u0131yor ve d\u00fcnya \u00e7ap\u0131nda \u00e7izimleri hayat boyu kal\u0131c\u0131 bir an\u0131ya, tak\u0131labilir sanat objelerine d\u00f6n\u00fc\u015ft\u00fcr\u00fcyoruz.\u00a0<\/span><\/p>\n<p><span style=\"font-weight: 400;\">\u00c7izimleri, biricik ve de\u011ferli tak\u0131lara \u00e7evirirken her g\u00fcn daha fazla sevgi ve keyif ile \u00e7al\u0131\u015f\u0131yoruz, \u00e7\u00fcnk\u00fc \u00e7ocuklar taraf\u0131ndan tasarlanm\u0131\u015f bir tak\u0131y\u0131 ta\u015f\u0131man\u0131n e\u015fsiz gurur ve mutlulu\u011funu biliyoruz.<\/span><\/p>\n[\/vc_column_text][\/vc_column][\/vc_row][vc_row][vc_column]<div class=\"vcex-module vcex-image-grid wpex-row clr grid-style-default wpex-rounded-images\"><div class=\"id-2092 vcex-image-grid-entry span_1_of_4 col col-1\"><figure class=\"vcex-image-grid-entry-figure clr\"><div class=\"vcex-image-grid-entry-img clr hvr hvr-shadow overlay-parent overlay-parent-title-excerpt-hover\"><img loading=\"lazy\" decoding=\"async\" src=\"https:\/\/tasarimtakarim.com\/wp-content\/uploads\/2017\/02\/ozgur-200x200.jpg\" width=\"200\" height=\"200\" alt=\"Sculptor &amp; Goldsmith\" data-no-retina=\"\" \/><div class=\"overlay-title-excerpt-hover overlay-hide theme-overlay textcenter\"><div class=\"overlay-table clr\"><div class=\"overlay-table-cell clr\"><div class=\"overlay-title\">\u00d6zg\u00fcr Karavit<\/div><div class=\"overlay-excerpt\">Sculptor & Goldsmith<\/div><\/div><\/div><\/div><\/div><\/figure><\/div><div class=\"id-2094 vcex-image-grid-entry span_1_of_4 col col-2\"><figure class=\"vcex-image-grid-entry-figure clr\"><div class=\"vcex-image-grid-entry-img clr hvr hvr-shadow overlay-parent overlay-parent-title-excerpt-hover\"><img loading=\"lazy\" decoding=\"async\" src=\"https:\/\/tasarimtakarim.com\/wp-content\/uploads\/2015\/01\/yasemin-1-200x200.jpg\" width=\"200\" height=\"200\" alt=\"Painter &amp; Art Educator\" data-no-retina=\"\" \/><div class=\"overlay-title-excerpt-hover overlay-hide theme-overlay textcenter\"><div class=\"overlay-table clr\"><div class=\"overlay-table-cell clr\"><div class=\"overlay-title\">Yasemin Erdin Tavuk\u00e7u<\/div><div class=\"overlay-excerpt\">Painter & Art Educator<\/div><\/div><\/div><\/div><\/div><\/figure><\/div><div class=\"id-2100 vcex-image-grid-entry span_1_of_4 col col-3\"><figure class=\"vcex-image-grid-entry-figure clr\"><div class=\"vcex-image-grid-entry-img clr hvr hvr-shadow overlay-parent overlay-parent-title-excerpt-hover\"><img loading=\"lazy\" decoding=\"async\" src=\"https:\/\/tasarimtakarim.com\/wp-content\/uploads\/2015\/01\/ers-200x200.jpg\" width=\"200\" height=\"200\" alt=\"Sculptor &amp; Designer\" data-no-retina=\"\" \/><div class=\"overlay-title-excerpt-hover overlay-hide theme-overlay textcenter\"><div class=\"overlay-table clr\"><div class=\"overlay-table-cell clr\"><div class=\"overlay-title\">Ersin Tavukcu<\/div><div class=\"overlay-excerpt\">Sculptor & Designer<\/div><\/div><\/div><\/div><\/div><\/figure><\/div><div class=\"id-2101 vcex-image-grid-entry span_1_of_4 col col-4\"><figure class=\"vcex-image-grid-entry-figure clr\"><div class=\"vcex-image-grid-entry-img clr hvr hvr-shadow overlay-parent overlay-parent-title-excerpt-hover\"><img loading=\"lazy\" decoding=\"async\" src=\"https:\/\/tasarimtakarim.com\/wp-content\/uploads\/2015\/01\/erdem-200x200.jpg\" width=\"200\" height=\"200\" alt=\"Painter\" data-no-retina=\"\" \/><div class=\"overlay-title-excerpt-hover overlay-hide theme-overlay textcenter\"><div class=\"overlay-table clr\"><div class=\"overlay-table-cell clr\"><div class=\"overlay-title\">Erdem Karavit<\/div><div class=\"overlay-excerpt\">Painter<\/div><\/div><\/div><\/div><\/div><\/figure><\/div><\/div>[\/vc_column][\/vc_row]\n<iframe loading=\"lazy\"  style=\"display: block; margin: 0px auto;\"  id=\"_ytid_72047\"  width=\"980\" height=\"735\"  data-origwidth=\"980\" data-origheight=\"735\" src=\"https:\/\/www.youtube.com\/embed\/wl9KIHGQbDI?enablejsapi=1&autoplay=0&cc_load_policy=0&cc_lang_pref=&iv_load_policy=3&loop=1&playlist=wl9KIHGQbDI&rel=0&fs=1&playsinline=0&autohide=2&theme=dark&color=red&controls=1&disablekb=0&\" class=\"__youtube_prefs__  no-lazyload\" data-vol=\"0\"  data-epautoplay=\"1\"  title=\"YouTube player\"  allow=\"fullscreen; accelerometer; autoplay; clipboard-write; encrypted-media; gyroscope; picture-in-picture; web-share\" referrerpolicy=\"strict-origin-when-cross-origin\" allowfullscreen data-no-lazy=\"1\" data-skipgform_ajax_framebjll=\"\"><\/iframe>\n","protected":false},"excerpt":{"rendered":"<p>[vc_row][vc_column][vc_column_text] \u00c7izimlerin \u00e7ocuklar\u0131n yarat\u0131c\u0131l\u0131klar\u0131n\u0131n en de\u011ferli yap\u0131 ta\u015flar\u0131 oldu\u011funa inan\u0131yoruz ve Tasar\u0131m Takar\u0131m At\u00f6lyesinde, bu de\u011ferli\u00a0\u00e7izimleri hayat boyu kal\u0131c\u0131 bir\u00a0an\u0131ya; tak\u0131labilir sanat objelerine d\u00f6n\u00fc\u015ft\u00fcr\u00fcyoruz. [\/vc_column_text][vc_column_text]Biz iki sanat\u00e7\u0131 anne olarak, \u00e7izimlerin \u00e7ocuklar\u0131n yarat\u0131c\u0131l\u0131klar\u0131n\u0131n en de\u011ferli yap\u0131 ta\u015flar\u0131 oldu\u011funa ve onlar\u0131 desteklemenin&hellip;<\/p>\n","protected":false},"author":1,"featured_media":0,"parent":0,"menu_order":0,"comment_status":"closed","ping_status":"closed","template":"","meta":{"_monsterinsights_skip_tracking":false,"_monsterinsights_sitenote_active":false,"_monsterinsights_sitenote_note":"","_monsterinsights_sitenote_category":0,"footnotes":""},"class_list":["post-1212","page","type-page","status-publish","hentry","entry","no-media"],"aioseo_notices":[],"_links":{"self":[{"href":"https:\/\/tasarimtakarim.com\/index.php\/wp-json\/wp\/v2\/pages\/1212","targetHints":{"allow":["GET"]}}],"collection":[{"href":"https:\/\/tasarimtakarim.com\/index.php\/wp-json\/wp\/v2\/pages"}],"about":[{"href":"https:\/\/tasarimtakarim.com\/index.php\/wp-json\/wp\/v2\/types\/page"}],"author":[{"embeddable":true,"href":"https:\/\/tasarimtakarim.com\/index.php\/wp-json\/wp\/v2\/users\/1"}],"replies":[{"embeddable":true,"href":"https:\/\/tasarimtakarim.com\/index.php\/wp-json\/wp\/v2\/comments?post=1212"}],"version-history":[{"count":19,"href":"https:\/\/tasarimtakarim.com\/index.php\/wp-json\/wp\/v2\/pages\/1212\/revisions"}],"predecessor-version":[{"id":2590,"href":"https:\/\/tasarimtakarim.com\/index.php\/wp-json\/wp\/v2\/pages\/1212\/revisions\/2590"}],"wp:attachment":[{"href":"https:\/\/tasarimtakarim.com\/index.php\/wp-json\/wp\/v2\/media?parent=1212"}],"curies":[{"name":"wp","href":"https:\/\/api.w.org\/{rel}","templated":true}]}}