{"id":1619,"date":"2015-01-16T21:43:09","date_gmt":"2015-01-16T21:43:09","guid":{"rendered":"http:\/\/tasarimtakarim.com\/index.php\/portfolio\/?lang=fr"},"modified":"2016-10-18T08:48:00","modified_gmt":"2016-10-18T08:48:00","slug":"portfolio","status":"publish","type":"page","link":"https:\/\/tasarimtakarim.com\/fr\/index.php\/portfolio\/","title":{"rendered":"Bijoux"},"content":{"rendered":"[vc_row margin_bottom=\u00a0\u00bb0px\u00a0\u00bb padding_bottom=\u00a0\u00bb0px\u00a0\u00bb][vc_column]<div class=\"vcex-module vcex-portfolio-grid-wrap wpex-clr\"><div class=\"wpex-row vcex-portfolio-grid wpex-clr entries gap-30 vcex-isotope-grid\" data-layout-mode=\"fitRows\" data-transition-duration=\"0.0\"><div class=\"portfolio-entry entry-has-details span_1_of_3 col col-1 vcex-isotope-entry post-2464 entry type-portfolio has-media\"><div class=\"portfolio-entry-inner entry-inner wpex-clr\"><div class=\"portfolio-entry-media entry-media wpex-clr overlay-parent overlay-parent-plus-hover\"><a href=\"https:\/\/tasarimtakarim.com\/fr\/index.php\/portfolio-item\/piece-de-memoire\/\" title=\"Pi\u00e8ce de m\u00e9moire\" class=\"portfolio-entry-media-link\"><img loading=\"lazy\" decoding=\"async\" width=\"1080\" height=\"1080\" src=\"https:\/\/tasarimtakarim.com\/wp-content\/uploads\/2022\/03\/003-web.jpg\" class=\"portfolio-entry-img\" alt=\"Pi\u00e8ce de m\u00e9moire\" srcset=\"https:\/\/tasarimtakarim.com\/wp-content\/uploads\/2022\/03\/003-web.jpg 1080w, https:\/\/tasarimtakarim.com\/wp-content\/uploads\/2022\/03\/003-web-300x300.jpg 300w, https:\/\/tasarimtakarim.com\/wp-content\/uploads\/2022\/03\/003-web-1024x1024.jpg 1024w, https:\/\/tasarimtakarim.com\/wp-content\/uploads\/2022\/03\/003-web-150x150.jpg 150w, https:\/\/tasarimtakarim.com\/wp-content\/uploads\/2022\/03\/003-web-768x768.jpg 768w, https:\/\/tasarimtakarim.com\/wp-content\/uploads\/2022\/03\/003-web-125x125.jpg 125w\" sizes=\"auto, (max-width: 1080px) 100vw, 1080px\" \/>\n<span class=\"overlay-plus-hover overlay-hide theme-overlay\"><\/span><\/a><\/div><div class=\"portfolio-entry-details entry-details wpex-clr\"><h2 class=\"portfolio-entry-title entry-title\" style=\"font-size:14px;text-transform:uppercase;\"><a href=\"https:\/\/tasarimtakarim.com\/fr\/index.php\/portfolio-item\/piece-de-memoire\/\" title=\"Pi\u00e8ce de m\u00e9moire\">Pi\u00e8ce de m\u00e9moire<\/a><\/h2><div class=\"portfolio-entry-excerpt entry-excerpt wpex-clr\" style=\"font-size:14px;\"><p>Transformez les dessins de vos enfants enunique &amp; pr\u00e9cieux pi\u00e8ces de monnaie souvenir. &nbsp;<\/p><\/div><\/div><\/div><\/div><div class=\"portfolio-entry entry-has-details span_1_of_3 col col-2 vcex-isotope-entry post-1517 entry type-portfolio has-media\"><div class=\"portfolio-entry-inner entry-inner wpex-clr\"><div class=\"portfolio-entry-media entry-media wpex-clr overlay-parent overlay-parent-plus-hover\"><a href=\"https:\/\/tasarimtakarim.com\/fr\/index.php\/portfolio-item\/gumus-kolye\/\" title=\"Collier\" class=\"portfolio-entry-media-link\"><img loading=\"lazy\" decoding=\"async\" width=\"1965\" height=\"1965\" src=\"https:\/\/tasarimtakarim.com\/wp-content\/uploads\/2016\/09\/Kolye.jpg\" class=\"portfolio-entry-img\" alt=\"Collier\" srcset=\"https:\/\/tasarimtakarim.com\/wp-content\/uploads\/2016\/09\/Kolye.jpg 1965w, https:\/\/tasarimtakarim.com\/wp-content\/uploads\/2016\/09\/Kolye-150x150.jpg 150w, https:\/\/tasarimtakarim.com\/wp-content\/uploads\/2016\/09\/Kolye-300x300.jpg 300w, https:\/\/tasarimtakarim.com\/wp-content\/uploads\/2016\/09\/Kolye-768x768.jpg 768w, https:\/\/tasarimtakarim.com\/wp-content\/uploads\/2016\/09\/Kolye-1024x1024.jpg 1024w, https:\/\/tasarimtakarim.com\/wp-content\/uploads\/2016\/09\/Kolye-125x125.jpg 125w, https:\/\/tasarimtakarim.com\/wp-content\/uploads\/2016\/09\/Kolye-80x80.jpg 80w\" sizes=\"auto, (max-width: 1965px) 100vw, 1965px\" \/>\n<span class=\"overlay-plus-hover overlay-hide theme-overlay\"><\/span><\/a><\/div><div class=\"portfolio-entry-details entry-details wpex-clr\"><h2 class=\"portfolio-entry-title entry-title\" style=\"font-size:14px;text-transform:uppercase;\"><a href=\"https:\/\/tasarimtakarim.com\/fr\/index.php\/portfolio-item\/gumus-kolye\/\" title=\"Collier\">Collier<\/a><\/h2><div class=\"portfolio-entry-excerpt entry-excerpt wpex-clr\" style=\"font-size:14px;\"><p>Transformez vos dessins d'enfants \u00e0 des colliers uniques et pr\u00e9cieux, un cadeau personnalis\u00e9 de souvenir&hellip;<\/p><\/div><\/div><\/div><\/div><div class=\"portfolio-entry entry-has-details span_1_of_3 col col-3 vcex-isotope-entry post-1848 entry type-portfolio has-media\"><div class=\"portfolio-entry-inner entry-inner wpex-clr\"><div class=\"portfolio-entry-media entry-media wpex-clr overlay-parent overlay-parent-plus-hover\"><a href=\"https:\/\/tasarimtakarim.com\/fr\/index.php\/portfolio-item\/bros\/\" title=\"Broche\" class=\"portfolio-entry-media-link\"><img loading=\"lazy\" decoding=\"async\" width=\"2576\" height=\"2576\" src=\"https:\/\/tasarimtakarim.com\/wp-content\/uploads\/2016\/09\/Tasarim-Takrim-Bro\u015f-03.jpg\" class=\"portfolio-entry-img\" alt=\"Broche\" srcset=\"https:\/\/tasarimtakarim.com\/wp-content\/uploads\/2016\/09\/Tasarim-Takrim-Bro\u015f-03.jpg 2576w, https:\/\/tasarimtakarim.com\/wp-content\/uploads\/2016\/09\/Tasarim-Takrim-Bro\u015f-03-150x150.jpg 150w, https:\/\/tasarimtakarim.com\/wp-content\/uploads\/2016\/09\/Tasarim-Takrim-Bro\u015f-03-300x300.jpg 300w, https:\/\/tasarimtakarim.com\/wp-content\/uploads\/2016\/09\/Tasarim-Takrim-Bro\u015f-03-768x768.jpg 768w, https:\/\/tasarimtakarim.com\/wp-content\/uploads\/2016\/09\/Tasarim-Takrim-Bro\u015f-03-1024x1024.jpg 1024w, https:\/\/tasarimtakarim.com\/wp-content\/uploads\/2016\/09\/Tasarim-Takrim-Bro\u015f-03-125x125.jpg 125w\" sizes=\"auto, (max-width: 2576px) 100vw, 2576px\" \/>\n<span class=\"overlay-plus-hover overlay-hide theme-overlay\"><\/span><\/a><\/div><div class=\"portfolio-entry-details entry-details wpex-clr\"><h2 class=\"portfolio-entry-title entry-title\" style=\"font-size:14px;text-transform:uppercase;\"><a href=\"https:\/\/tasarimtakarim.com\/fr\/index.php\/portfolio-item\/bros\/\" title=\"Broche\">Broche<\/a><\/h2><div class=\"portfolio-entry-excerpt entry-excerpt wpex-clr\" style=\"font-size:14px;\"><p>Personnalis\u00e9\u00a0d'argent et\u00a0plaqu\u00e9 or broches et cadeaux de l'art de votre enfant<\/p><\/div><\/div><\/div><\/div><div class=\"portfolio-entry entry-has-details span_1_of_3 col col-1 vcex-isotope-entry post-2000 entry type-portfolio has-media\"><div class=\"portfolio-entry-inner entry-inner wpex-clr\"><div class=\"portfolio-entry-media entry-media wpex-clr overlay-parent overlay-parent-plus-hover\"><a href=\"https:\/\/tasarimtakarim.com\/fr\/index.php\/portfolio-item\/deri-bilezik\/\" title=\"Bracelet en cuir\" class=\"portfolio-entry-media-link\"><img loading=\"lazy\" decoding=\"async\" width=\"2576\" height=\"2576\" src=\"https:\/\/tasarimtakarim.com\/wp-content\/uploads\/2016\/10\/Ahu-Batum-Cengiz-Ata-Kaan-Cengiz-2.jpg\" class=\"portfolio-entry-img\" alt=\"Bracelet en cuir\" srcset=\"https:\/\/tasarimtakarim.com\/wp-content\/uploads\/2016\/10\/Ahu-Batum-Cengiz-Ata-Kaan-Cengiz-2.jpg 2576w, https:\/\/tasarimtakarim.com\/wp-content\/uploads\/2016\/10\/Ahu-Batum-Cengiz-Ata-Kaan-Cengiz-2-150x150.jpg 150w, https:\/\/tasarimtakarim.com\/wp-content\/uploads\/2016\/10\/Ahu-Batum-Cengiz-Ata-Kaan-Cengiz-2-300x300.jpg 300w, https:\/\/tasarimtakarim.com\/wp-content\/uploads\/2016\/10\/Ahu-Batum-Cengiz-Ata-Kaan-Cengiz-2-768x768.jpg 768w, https:\/\/tasarimtakarim.com\/wp-content\/uploads\/2016\/10\/Ahu-Batum-Cengiz-Ata-Kaan-Cengiz-2-1024x1024.jpg 1024w, https:\/\/tasarimtakarim.com\/wp-content\/uploads\/2016\/10\/Ahu-Batum-Cengiz-Ata-Kaan-Cengiz-2-125x125.jpg 125w, https:\/\/tasarimtakarim.com\/wp-content\/uploads\/2016\/10\/Ahu-Batum-Cengiz-Ata-Kaan-Cengiz-2-80x80.jpg 80w\" sizes=\"auto, (max-width: 2576px) 100vw, 2576px\" \/>\n<span class=\"overlay-plus-hover overlay-hide theme-overlay\"><\/span><\/a><\/div><div class=\"portfolio-entry-details entry-details wpex-clr\"><h2 class=\"portfolio-entry-title entry-title\" style=\"font-size:14px;text-transform:uppercase;\"><a href=\"https:\/\/tasarimtakarim.com\/fr\/index.php\/portfolio-item\/deri-bilezik\/\" title=\"Bracelet en cuir\">Bracelet en cuir<\/a><\/h2><div class=\"portfolio-entry-excerpt entry-excerpt wpex-clr\" style=\"font-size:14px;\"><p>Transformer les dessins de vos enfants dans des bracelets en cuir ...<\/p><\/div><\/div><\/div><\/div><div class=\"portfolio-entry entry-has-details span_1_of_3 col col-2 vcex-isotope-entry post-1844 entry type-portfolio has-media\"><div class=\"portfolio-entry-inner entry-inner wpex-clr\"><div class=\"portfolio-entry-media entry-media wpex-clr overlay-parent overlay-parent-plus-hover\"><a href=\"https:\/\/tasarimtakarim.com\/fr\/index.php\/portfolio-item\/sculptures-de-table\/\" title=\"Sculptures de table\" class=\"portfolio-entry-media-link\"><img loading=\"lazy\" decoding=\"async\" width=\"570\" height=\"570\" src=\"https:\/\/tasarimtakarim.com\/wp-content\/uploads\/2016\/10\/Nil-Ersoy.jpg\" class=\"portfolio-entry-img\" alt=\"Sculptures de table\" srcset=\"https:\/\/tasarimtakarim.com\/wp-content\/uploads\/2016\/10\/Nil-Ersoy.jpg 570w, https:\/\/tasarimtakarim.com\/wp-content\/uploads\/2016\/10\/Nil-Ersoy-150x150.jpg 150w, https:\/\/tasarimtakarim.com\/wp-content\/uploads\/2016\/10\/Nil-Ersoy-300x300.jpg 300w, https:\/\/tasarimtakarim.com\/wp-content\/uploads\/2016\/10\/Nil-Ersoy-125x125.jpg 125w\" sizes=\"auto, (max-width: 570px) 100vw, 570px\" \/>\n<span class=\"overlay-plus-hover overlay-hide theme-overlay\"><\/span><\/a><\/div><div class=\"portfolio-entry-details entry-details wpex-clr\"><h2 class=\"portfolio-entry-title entry-title\" style=\"font-size:14px;text-transform:uppercase;\"><a href=\"https:\/\/tasarimtakarim.com\/fr\/index.php\/portfolio-item\/sculptures-de-table\/\" title=\"Sculptures de table\">Sculptures de table<\/a><\/h2><div class=\"portfolio-entry-excerpt entry-excerpt wpex-clr\" style=\"font-size:14px;\"><p>Transformer les dessins de vos enfants\u00a0en sculptures uniques et pr\u00e9cieux<\/p><\/div><\/div><\/div><\/div><div class=\"portfolio-entry entry-has-details span_1_of_3 col col-3 vcex-isotope-entry post-1982 entry type-portfolio has-media\"><div class=\"portfolio-entry-inner entry-inner wpex-clr\"><div class=\"portfolio-entry-media entry-media wpex-clr overlay-parent overlay-parent-plus-hover\"><a href=\"https:\/\/tasarimtakarim.com\/fr\/index.php\/portfolio-item\/bilezik\/\" title=\"Bracelet\" class=\"portfolio-entry-media-link\"><img loading=\"lazy\" decoding=\"async\" width=\"2576\" height=\"2576\" src=\"https:\/\/tasarimtakarim.com\/wp-content\/uploads\/2016\/10\/Aki-Wong-Ki-Wong-02.jpg\" class=\"portfolio-entry-img\" alt=\"Bracelet\" srcset=\"https:\/\/tasarimtakarim.com\/wp-content\/uploads\/2016\/10\/Aki-Wong-Ki-Wong-02.jpg 2576w, https:\/\/tasarimtakarim.com\/wp-content\/uploads\/2016\/10\/Aki-Wong-Ki-Wong-02-150x150.jpg 150w, https:\/\/tasarimtakarim.com\/wp-content\/uploads\/2016\/10\/Aki-Wong-Ki-Wong-02-300x300.jpg 300w, https:\/\/tasarimtakarim.com\/wp-content\/uploads\/2016\/10\/Aki-Wong-Ki-Wong-02-768x768.jpg 768w, https:\/\/tasarimtakarim.com\/wp-content\/uploads\/2016\/10\/Aki-Wong-Ki-Wong-02-1024x1024.jpg 1024w, https:\/\/tasarimtakarim.com\/wp-content\/uploads\/2016\/10\/Aki-Wong-Ki-Wong-02-125x125.jpg 125w\" sizes=\"auto, (max-width: 2576px) 100vw, 2576px\" \/>\n<span class=\"overlay-plus-hover overlay-hide theme-overlay\"><\/span><\/a><\/div><div class=\"portfolio-entry-details entry-details wpex-clr\"><h2 class=\"portfolio-entry-title entry-title\" style=\"font-size:14px;text-transform:uppercase;\"><a href=\"https:\/\/tasarimtakarim.com\/fr\/index.php\/portfolio-item\/bilezik\/\" title=\"Bracelet\">Bracelet<\/a><\/h2><div class=\"portfolio-entry-excerpt entry-excerpt wpex-clr\" style=\"font-size:14px;\"><p>Transformez vos dessins d\u2019enfants \u00e0 des bracelets\u00a0uniques et pr\u00e9cieux<\/p><\/div><\/div><\/div><\/div><div class=\"portfolio-entry entry-has-details span_1_of_3 col col-1 vcex-isotope-entry post-2531 entry type-portfolio has-media\"><div class=\"portfolio-entry-inner entry-inner wpex-clr\"><div class=\"portfolio-entry-media entry-media wpex-clr overlay-parent overlay-parent-plus-hover\"><a href=\"https:\/\/tasarimtakarim.com\/fr\/index.php\/portfolio-item\/anahtarlik\/\" title=\"Porte-cl\u00e9s en argent\" class=\"portfolio-entry-media-link\"><img loading=\"lazy\" decoding=\"async\" width=\"2576\" height=\"2576\" src=\"https:\/\/tasarimtakarim.com\/wp-content\/uploads\/2016\/10\/anahtarl\u0131k-1.jpg\" class=\"portfolio-entry-img\" alt=\"Porte-cl\u00e9s en argent\" srcset=\"https:\/\/tasarimtakarim.com\/wp-content\/uploads\/2016\/10\/anahtarl\u0131k-1.jpg 2576w, https:\/\/tasarimtakarim.com\/wp-content\/uploads\/2016\/10\/anahtarl\u0131k-1-150x150.jpg 150w, https:\/\/tasarimtakarim.com\/wp-content\/uploads\/2016\/10\/anahtarl\u0131k-1-300x300.jpg 300w, https:\/\/tasarimtakarim.com\/wp-content\/uploads\/2016\/10\/anahtarl\u0131k-1-768x768.jpg 768w, https:\/\/tasarimtakarim.com\/wp-content\/uploads\/2016\/10\/anahtarl\u0131k-1-1024x1024.jpg 1024w, https:\/\/tasarimtakarim.com\/wp-content\/uploads\/2016\/10\/anahtarl\u0131k-1-125x125.jpg 125w\" sizes=\"auto, (max-width: 2576px) 100vw, 2576px\" \/>\n<span class=\"overlay-plus-hover overlay-hide theme-overlay\"><\/span><\/a><\/div><div class=\"portfolio-entry-details entry-details wpex-clr\"><h2 class=\"portfolio-entry-title entry-title\" style=\"font-size:14px;text-transform:uppercase;\"><a href=\"https:\/\/tasarimtakarim.com\/fr\/index.php\/portfolio-item\/anahtarlik\/\" title=\"Porte-cl\u00e9s en argent\">Porte-cl\u00e9s en argent<\/a><\/h2><div class=\"portfolio-entry-excerpt entry-excerpt wpex-clr\" style=\"font-size:14px;\"><p>Vous pouvez transformer les dessins de votre enfant en porte-cl\u00e9s sp\u00e9ciaux et uniques...<\/p><\/div><\/div><\/div><\/div><div class=\"portfolio-entry entry-has-details span_1_of_3 col col-2 vcex-isotope-entry post-2537 entry type-portfolio has-media\"><div class=\"portfolio-entry-inner entry-inner wpex-clr\"><div class=\"portfolio-entry-media entry-media wpex-clr overlay-parent overlay-parent-plus-hover\"><a href=\"https:\/\/tasarimtakarim.com\/fr\/index.php\/portfolio-item\/earrings\/\" title=\"Boucles d&rsquo;oreilles\" class=\"portfolio-entry-media-link\"><img loading=\"lazy\" decoding=\"async\" width=\"2576\" height=\"2576\" src=\"https:\/\/tasarimtakarim.com\/wp-content\/uploads\/2016\/10\/k\u00fcpe2-1.jpg\" class=\"portfolio-entry-img\" alt=\"Boucles d&rsquo;oreilles\" srcset=\"https:\/\/tasarimtakarim.com\/wp-content\/uploads\/2016\/10\/k\u00fcpe2-1.jpg 2576w, https:\/\/tasarimtakarim.com\/wp-content\/uploads\/2016\/10\/k\u00fcpe2-1-150x150.jpg 150w, https:\/\/tasarimtakarim.com\/wp-content\/uploads\/2016\/10\/k\u00fcpe2-1-300x300.jpg 300w, https:\/\/tasarimtakarim.com\/wp-content\/uploads\/2016\/10\/k\u00fcpe2-1-768x768.jpg 768w, https:\/\/tasarimtakarim.com\/wp-content\/uploads\/2016\/10\/k\u00fcpe2-1-1024x1024.jpg 1024w, https:\/\/tasarimtakarim.com\/wp-content\/uploads\/2016\/10\/k\u00fcpe2-1-125x125.jpg 125w\" sizes=\"auto, (max-width: 2576px) 100vw, 2576px\" \/>\n<span class=\"overlay-plus-hover overlay-hide theme-overlay\"><\/span><\/a><\/div><div class=\"portfolio-entry-details entry-details wpex-clr\"><h2 class=\"portfolio-entry-title entry-title\" style=\"font-size:14px;text-transform:uppercase;\"><a href=\"https:\/\/tasarimtakarim.com\/fr\/index.php\/portfolio-item\/earrings\/\" title=\"Boucles d&rsquo;oreilles\">Boucles d&rsquo;oreilles<\/a><\/h2><div class=\"portfolio-entry-excerpt entry-excerpt wpex-clr\" style=\"font-size:14px;\"><p>Transformez les dessins de vos enfants en boucles d'oreilles uniques et pr\u00e9cieuses, un cadeau personnalis\u00e9&hellip;<\/p><\/div><\/div><\/div><\/div><div class=\"portfolio-entry entry-has-details span_1_of_3 col col-3 vcex-isotope-entry post-2540 entry type-portfolio has-media\"><div class=\"portfolio-entry-inner entry-inner wpex-clr\"><div class=\"portfolio-entry-media entry-media wpex-clr overlay-parent overlay-parent-plus-hover\"><a href=\"https:\/\/tasarimtakarim.com\/fr\/index.php\/portfolio-item\/bookmark\/\" title=\"Signet\" class=\"portfolio-entry-media-link\"><img loading=\"lazy\" decoding=\"async\" width=\"2576\" height=\"2576\" src=\"https:\/\/tasarimtakarim.com\/wp-content\/uploads\/2017\/05\/bookmark2.jpg\" class=\"portfolio-entry-img\" alt=\"Signet\" srcset=\"https:\/\/tasarimtakarim.com\/wp-content\/uploads\/2017\/05\/bookmark2.jpg 2576w, https:\/\/tasarimtakarim.com\/wp-content\/uploads\/2017\/05\/bookmark2-150x150.jpg 150w, https:\/\/tasarimtakarim.com\/wp-content\/uploads\/2017\/05\/bookmark2-300x300.jpg 300w, https:\/\/tasarimtakarim.com\/wp-content\/uploads\/2017\/05\/bookmark2-768x768.jpg 768w, https:\/\/tasarimtakarim.com\/wp-content\/uploads\/2017\/05\/bookmark2-1024x1024.jpg 1024w, https:\/\/tasarimtakarim.com\/wp-content\/uploads\/2017\/05\/bookmark2-125x125.jpg 125w\" sizes=\"auto, (max-width: 2576px) 100vw, 2576px\" \/>\n<span class=\"overlay-plus-hover overlay-hide theme-overlay\"><\/span><\/a><\/div><div class=\"portfolio-entry-details entry-details wpex-clr\"><h2 class=\"portfolio-entry-title entry-title\" style=\"font-size:14px;text-transform:uppercase;\"><a href=\"https:\/\/tasarimtakarim.com\/fr\/index.php\/portfolio-item\/bookmark\/\" title=\"Signet\">Signet<\/a><\/h2><div class=\"portfolio-entry-excerpt entry-excerpt wpex-clr\" style=\"font-size:14px;\"><p>Transformez les dessins de vos enfants en signets argent\u00e9s uniques et pr\u00e9cieux, un cadeau personnalis\u00e9&hellip;<\/p><\/div><\/div><\/div><\/div><div class=\"portfolio-entry entry-has-details span_1_of_3 col col-1 vcex-isotope-entry post-1950 entry type-portfolio has-media\"><div class=\"portfolio-entry-inner entry-inner wpex-clr\"><div class=\"portfolio-entry-media entry-media wpex-clr overlay-parent overlay-parent-plus-hover\"><a href=\"https:\/\/tasarimtakarim.com\/fr\/index.php\/portfolio-item\/kol-dugmesi\/\" title=\"Boutons de manchette\" class=\"portfolio-entry-media-link\"><img loading=\"lazy\" decoding=\"async\" width=\"2576\" height=\"2576\" src=\"https:\/\/tasarimtakarim.com\/wp-content\/uploads\/2016\/10\/Ewa-Bankiewicz02.jpg\" class=\"portfolio-entry-img\" alt=\"Boutons de manchette\" srcset=\"https:\/\/tasarimtakarim.com\/wp-content\/uploads\/2016\/10\/Ewa-Bankiewicz02.jpg 2576w, https:\/\/tasarimtakarim.com\/wp-content\/uploads\/2016\/10\/Ewa-Bankiewicz02-150x150.jpg 150w, https:\/\/tasarimtakarim.com\/wp-content\/uploads\/2016\/10\/Ewa-Bankiewicz02-300x300.jpg 300w, https:\/\/tasarimtakarim.com\/wp-content\/uploads\/2016\/10\/Ewa-Bankiewicz02-768x768.jpg 768w, https:\/\/tasarimtakarim.com\/wp-content\/uploads\/2016\/10\/Ewa-Bankiewicz02-1024x1024.jpg 1024w, https:\/\/tasarimtakarim.com\/wp-content\/uploads\/2016\/10\/Ewa-Bankiewicz02-125x125.jpg 125w\" sizes=\"auto, (max-width: 2576px) 100vw, 2576px\" \/>\n<span class=\"overlay-plus-hover overlay-hide theme-overlay\"><\/span><\/a><\/div><div class=\"portfolio-entry-details entry-details wpex-clr\"><h2 class=\"portfolio-entry-title entry-title\" style=\"font-size:14px;text-transform:uppercase;\"><a href=\"https:\/\/tasarimtakarim.com\/fr\/index.php\/portfolio-item\/kol-dugmesi\/\" title=\"Boutons de manchette\">Boutons de manchette<\/a><\/h2><div class=\"portfolio-entry-excerpt entry-excerpt wpex-clr\" style=\"font-size:14px;\"><p>Transformez vos dessins d\u2019enfants \u00e0 des boutons de manchette uniques et pr\u00e9cieux...<\/p><\/div><\/div><\/div><\/div><\/div><\/div>[\/vc_column][\/vc_row]\n","protected":false},"excerpt":{"rendered":"<p>[vc_row margin_bottom=\u00a0\u00bb0px\u00a0\u00bb padding_bottom=\u00a0\u00bb0px\u00a0\u00bb][vc_column][\/vc_column][\/vc_row]<\/p>\n","protected":false},"author":1,"featured_media":0,"parent":0,"menu_order":0,"comment_status":"closed","ping_status":"closed","template":"","meta":{"_monsterinsights_skip_tracking":false,"_monsterinsights_sitenote_active":false,"_monsterinsights_sitenote_note":"","_monsterinsights_sitenote_category":0,"footnotes":""},"class_list":["post-1619","page","type-page","status-publish","hentry","entry","no-media"],"aioseo_notices":[],"_links":{"self":[{"href":"https:\/\/tasarimtakarim.com\/fr\/index.php\/wp-json\/wp\/v2\/pages\/1619","targetHints":{"allow":["GET"]}}],"collection":[{"href":"https:\/\/tasarimtakarim.com\/fr\/index.php\/wp-json\/wp\/v2\/pages"}],"about":[{"href":"https:\/\/tasarimtakarim.com\/fr\/index.php\/wp-json\/wp\/v2\/types\/page"}],"author":[{"embeddable":true,"href":"https:\/\/tasarimtakarim.com\/fr\/index.php\/wp-json\/wp\/v2\/users\/1"}],"replies":[{"embeddable":true,"href":"https:\/\/tasarimtakarim.com\/fr\/index.php\/wp-json\/wp\/v2\/comments?post=1619"}],"version-history":[{"count":4,"href":"https:\/\/tasarimtakarim.com\/fr\/index.php\/wp-json\/wp\/v2\/pages\/1619\/revisions"}],"predecessor-version":[{"id":1691,"href":"https:\/\/tasarimtakarim.com\/fr\/index.php\/wp-json\/wp\/v2\/pages\/1619\/revisions\/1691"}],"wp:attachment":[{"href":"https:\/\/tasarimtakarim.com\/fr\/index.php\/wp-json\/wp\/v2\/media?parent=1619"}],"curies":[{"name":"wp","href":"https:\/\/api.w.org\/{rel}","templated":true}]}}