{"id":1464,"date":"2015-01-16T22:02:10","date_gmt":"2015-01-16T22:02:10","guid":{"rendered":"http:\/\/tasarimtakarim.com\/index.php\/home\/?lang=fr"},"modified":"2025-11-02T21:35:39","modified_gmt":"2025-11-02T21:35:39","slug":"home","status":"publish","type":"page","link":"https:\/\/tasarimtakarim.com\/fr\/","title":{"rendered":"Tasarim Takarim"},"content":{"rendered":"[vc_row][vc_column][vc_column_text]\n<h2 style=\"text-align: center;\">Transformez les dessins de vos enfants aux bijoux uniques et \u00e9ternels<\/h2>\n[vc_row][vc_column]<div class=\"wpex-slider-preloaderimg\"><img loading=\"lazy\" decoding=\"async\" width=\"1968\" height=\"588\" src=\"https:\/\/tasarimtakarim.com\/wp-content\/uploads\/2015\/01\/tasarim01.jpg\" class=\"attachment-full size-full\" alt=\"tasarim takarim\" srcset=\"https:\/\/tasarimtakarim.com\/wp-content\/uploads\/2015\/01\/tasarim01.jpg 1968w, https:\/\/tasarimtakarim.com\/wp-content\/uploads\/2015\/01\/tasarim01-300x90.jpg 300w, https:\/\/tasarimtakarim.com\/wp-content\/uploads\/2015\/01\/tasarim01-768x229.jpg 768w, https:\/\/tasarimtakarim.com\/wp-content\/uploads\/2015\/01\/tasarim01-1024x306.jpg 1024w\" sizes=\"auto, (max-width: 1968px) 100vw, 1968px\" \/><\/div><div class=\"vcex-module wpex-slider slider-pro vcex-image-slider clr\" data-fade=\"true\"  data-loop=\"true\" data-animation-speed=\"1000\" data-thumbnail-height=\"70\" data-thumbnail-width=\"70\"><div class=\"wpex-slider-slides sp-slides\"><div class=\"wpex-slider-slide sp-slide\"><div class=\"wpex-slider-media\"><img loading=\"lazy\" decoding=\"async\" width=\"1968\" height=\"588\" src=\"https:\/\/tasarimtakarim.com\/wp-content\/uploads\/2015\/01\/tasarim01.jpg\" class=\"attachment-full size-full\" alt=\"tasarim takarim\" srcset=\"https:\/\/tasarimtakarim.com\/wp-content\/uploads\/2015\/01\/tasarim01.jpg 1968w, https:\/\/tasarimtakarim.com\/wp-content\/uploads\/2015\/01\/tasarim01-300x90.jpg 300w, https:\/\/tasarimtakarim.com\/wp-content\/uploads\/2015\/01\/tasarim01-768x229.jpg 768w, https:\/\/tasarimtakarim.com\/wp-content\/uploads\/2015\/01\/tasarim01-1024x306.jpg 1024w\" sizes=\"auto, (max-width: 1968px) 100vw, 1968px\" \/><\/div><\/div><div class=\"wpex-slider-slide sp-slide\"><div class=\"wpex-slider-media\"><img loading=\"lazy\" decoding=\"async\" width=\"1968\" height=\"588\" src=\"https:\/\/tasarimtakarim.com\/wp-content\/uploads\/2015\/01\/tasarim-0115.jpg\" class=\"attachment-full size-full\" alt=\"tasarim-0115\" srcset=\"https:\/\/tasarimtakarim.com\/wp-content\/uploads\/2015\/01\/tasarim-0115.jpg 1968w, https:\/\/tasarimtakarim.com\/wp-content\/uploads\/2015\/01\/tasarim-0115-300x90.jpg 300w, https:\/\/tasarimtakarim.com\/wp-content\/uploads\/2015\/01\/tasarim-0115-768x229.jpg 768w, https:\/\/tasarimtakarim.com\/wp-content\/uploads\/2015\/01\/tasarim-0115-1024x306.jpg 1024w\" sizes=\"auto, (max-width: 1968px) 100vw, 1968px\" \/><\/div><\/div><div class=\"wpex-slider-slide sp-slide\"><div class=\"wpex-slider-media\"><img loading=\"lazy\" decoding=\"async\" width=\"1968\" height=\"588\" src=\"https:\/\/tasarimtakarim.com\/wp-content\/uploads\/2015\/01\/tasarimtakarim-sur-02.jpg\" class=\"attachment-full size-full\" alt=\"tasarimtakarim sur 02\" srcset=\"https:\/\/tasarimtakarim.com\/wp-content\/uploads\/2015\/01\/tasarimtakarim-sur-02.jpg 1968w, https:\/\/tasarimtakarim.com\/wp-content\/uploads\/2015\/01\/tasarimtakarim-sur-02-300x90.jpg 300w, https:\/\/tasarimtakarim.com\/wp-content\/uploads\/2015\/01\/tasarimtakarim-sur-02-768x229.jpg 768w, https:\/\/tasarimtakarim.com\/wp-content\/uploads\/2015\/01\/tasarimtakarim-sur-02-1024x306.jpg 1024w\" sizes=\"auto, (max-width: 1968px) 100vw, 1968px\" \/><\/div><\/div><div class=\"wpex-slider-slide sp-slide\"><div class=\"wpex-slider-media\"><img loading=\"lazy\" decoding=\"async\" width=\"1968\" height=\"588\" src=\"https:\/\/tasarimtakarim.com\/wp-content\/uploads\/2015\/01\/tasarimtakarim-sur-03.jpg\" class=\"attachment-full size-full\" alt=\"tasarimtakarim sur 03\" srcset=\"https:\/\/tasarimtakarim.com\/wp-content\/uploads\/2015\/01\/tasarimtakarim-sur-03.jpg 1968w, https:\/\/tasarimtakarim.com\/wp-content\/uploads\/2015\/01\/tasarimtakarim-sur-03-300x90.jpg 300w, https:\/\/tasarimtakarim.com\/wp-content\/uploads\/2015\/01\/tasarimtakarim-sur-03-768x229.jpg 768w, https:\/\/tasarimtakarim.com\/wp-content\/uploads\/2015\/01\/tasarimtakarim-sur-03-1024x306.jpg 1024w\" sizes=\"auto, (max-width: 1968px) 100vw, 1968px\" \/><\/div><\/div><div class=\"wpex-slider-slide sp-slide\"><div class=\"wpex-slider-media\"><img loading=\"lazy\" decoding=\"async\" width=\"1968\" height=\"588\" src=\"https:\/\/tasarimtakarim.com\/wp-content\/uploads\/2015\/01\/tasarimtakarim-sur-06.jpg\" class=\"attachment-full size-full\" alt=\"tasarimtakarim sur 06\" srcset=\"https:\/\/tasarimtakarim.com\/wp-content\/uploads\/2015\/01\/tasarimtakarim-sur-06.jpg 1968w, https:\/\/tasarimtakarim.com\/wp-content\/uploads\/2015\/01\/tasarimtakarim-sur-06-300x90.jpg 300w, https:\/\/tasarimtakarim.com\/wp-content\/uploads\/2015\/01\/tasarimtakarim-sur-06-768x229.jpg 768w, https:\/\/tasarimtakarim.com\/wp-content\/uploads\/2015\/01\/tasarimtakarim-sur-06-1024x306.jpg 1024w\" sizes=\"auto, (max-width: 1968px) 100vw, 1968px\" \/><\/div><\/div><div class=\"wpex-slider-slide sp-slide\"><div class=\"wpex-slider-media\"><img loading=\"lazy\" decoding=\"async\" width=\"1968\" height=\"588\" src=\"https:\/\/tasarimtakarim.com\/wp-content\/uploads\/2015\/01\/tasarimtakarim-sur-04.jpg\" class=\"attachment-full size-full\" alt=\"tasarimtakarim sur 04\" srcset=\"https:\/\/tasarimtakarim.com\/wp-content\/uploads\/2015\/01\/tasarimtakarim-sur-04.jpg 1968w, https:\/\/tasarimtakarim.com\/wp-content\/uploads\/2015\/01\/tasarimtakarim-sur-04-300x90.jpg 300w, https:\/\/tasarimtakarim.com\/wp-content\/uploads\/2015\/01\/tasarimtakarim-sur-04-768x229.jpg 768w, https:\/\/tasarimtakarim.com\/wp-content\/uploads\/2015\/01\/tasarimtakarim-sur-04-1024x306.jpg 1024w\" sizes=\"auto, (max-width: 1968px) 100vw, 1968px\" \/><\/div><\/div><div class=\"wpex-slider-slide sp-slide\"><div class=\"wpex-slider-media\"><img loading=\"lazy\" decoding=\"async\" width=\"1968\" height=\"588\" src=\"https:\/\/tasarimtakarim.com\/wp-content\/uploads\/2015\/01\/tasarimtakarim-sur-01.jpg\" class=\"attachment-full size-full\" alt=\"tasarimtakarim sur 01\" srcset=\"https:\/\/tasarimtakarim.com\/wp-content\/uploads\/2015\/01\/tasarimtakarim-sur-01.jpg 1968w, https:\/\/tasarimtakarim.com\/wp-content\/uploads\/2015\/01\/tasarimtakarim-sur-01-300x90.jpg 300w, https:\/\/tasarimtakarim.com\/wp-content\/uploads\/2015\/01\/tasarimtakarim-sur-01-768x229.jpg 768w, https:\/\/tasarimtakarim.com\/wp-content\/uploads\/2015\/01\/tasarimtakarim-sur-01-1024x306.jpg 1024w\" sizes=\"auto, (max-width: 1968px) 100vw, 1968px\" \/><\/div><\/div><div class=\"wpex-slider-slide sp-slide\"><div class=\"wpex-slider-media\"><img loading=\"lazy\" decoding=\"async\" width=\"1968\" height=\"588\" src=\"https:\/\/tasarimtakarim.com\/wp-content\/uploads\/2015\/01\/tasarimtakarim-sur-07.jpg\" class=\"attachment-full size-full\" alt=\"tasarimtakarim sur 07\" srcset=\"https:\/\/tasarimtakarim.com\/wp-content\/uploads\/2015\/01\/tasarimtakarim-sur-07.jpg 1968w, https:\/\/tasarimtakarim.com\/wp-content\/uploads\/2015\/01\/tasarimtakarim-sur-07-300x90.jpg 300w, https:\/\/tasarimtakarim.com\/wp-content\/uploads\/2015\/01\/tasarimtakarim-sur-07-768x229.jpg 768w, https:\/\/tasarimtakarim.com\/wp-content\/uploads\/2015\/01\/tasarimtakarim-sur-07-1024x306.jpg 1024w\" sizes=\"auto, (max-width: 1968px) 100vw, 1968px\" \/><\/div><\/div><\/div><\/div>[vc_column_text]]\n<h3 style=\"text-align: center;\">Bijoux con\u00e7u par les enfants &amp; cadeaux uniques de l&rsquo;art des enfants<\/h3>\n[\/vc_column_text]<div class=\"vcex-module vcex-portfolio-grid-wrap wpex-clr\"><div class=\"wpex-row vcex-portfolio-grid wpex-clr entries gap-30 match-height-grid vcex-isotope-grid\" data-transition-duration=\"0.0\"><div class=\"portfolio-entry entry-has-details span_1_of_3 col col-1 vcex-isotope-entry post-2464 entry type-portfolio has-media\"><div class=\"portfolio-entry-inner entry-inner wpex-clr\"><div class=\"portfolio-entry-media entry-media wpex-clr overlay-parent overlay-parent-title-excerpt-hover\"><a href=\"https:\/\/tasarimtakarim.com\/fr\/index.php\/portfolio-item\/piece-de-memoire\/\" title=\"Pi\u00e8ce de m\u00e9moire\" class=\"portfolio-entry-media-link\"><img loading=\"lazy\" decoding=\"async\" src=\"https:\/\/tasarimtakarim.com\/wp-content\/uploads\/2022\/03\/003-web-600x350.jpg\" width=\"600\" height=\"350\" class=\"portfolio-entry-img\" alt=\"Pi\u00e8ce De M\u00e9moire\" data-no-retina=\"\" \/><div class=\"overlay-title-excerpt-hover overlay-hide theme-overlay textcenter\"><div class=\"overlay-table clr\"><div class=\"overlay-table-cell clr\"><div class=\"overlay-title\">Pi\u00e8ce de m\u00e9moire<\/div><div class=\"overlay-excerpt\">Transformez les dessins de vos enfants enunique &amp; pr\u00e9cieux pi\u00e8ces de monnaie souvenir. &nbsp;<\/div><\/div><\/div><\/div><\/a><\/div><div class=\"portfolio-entry-details entry-details wpex-clr\"><div class=\"match-height-content\"><h2 class=\"portfolio-entry-title entry-title\" style=\"font-size:14px;font-weight:600;\"><a href=\"https:\/\/tasarimtakarim.com\/fr\/index.php\/portfolio-item\/piece-de-memoire\/\" title=\"Pi\u00e8ce de m\u00e9moire\">Pi\u00e8ce de m\u00e9moire<\/a><\/h2><\/div><\/div><\/div><\/div><div class=\"portfolio-entry entry-has-details span_1_of_3 col col-2 vcex-isotope-entry post-1517 entry type-portfolio has-media\"><div class=\"portfolio-entry-inner entry-inner wpex-clr\"><div class=\"portfolio-entry-media entry-media wpex-clr overlay-parent overlay-parent-title-excerpt-hover\"><a href=\"https:\/\/tasarimtakarim.com\/fr\/index.php\/portfolio-item\/gumus-kolye\/\" title=\"Collier\" class=\"portfolio-entry-media-link\"><img loading=\"lazy\" decoding=\"async\" src=\"https:\/\/tasarimtakarim.com\/wp-content\/uploads\/2016\/09\/Kolye-600x350.jpg\" width=\"600\" height=\"350\" class=\"portfolio-entry-img\" alt=\"Collier\" data-no-retina=\"\" \/><div class=\"overlay-title-excerpt-hover overlay-hide theme-overlay textcenter\"><div class=\"overlay-table clr\"><div class=\"overlay-table-cell clr\"><div class=\"overlay-title\">Collier<\/div><div class=\"overlay-excerpt\">Transformez vos dessins d'enfants \u00e0 des colliers uniques et pr\u00e9cieux, un cadeau personnalis\u00e9 de souvenir&hellip;<\/div><\/div><\/div><\/div><\/a><\/div><div class=\"portfolio-entry-details entry-details wpex-clr\"><div class=\"match-height-content\"><h2 class=\"portfolio-entry-title entry-title\" style=\"font-size:14px;font-weight:600;\"><a href=\"https:\/\/tasarimtakarim.com\/fr\/index.php\/portfolio-item\/gumus-kolye\/\" title=\"Collier\">Collier<\/a><\/h2><\/div><\/div><\/div><\/div><div class=\"portfolio-entry entry-has-details span_1_of_3 col col-3 vcex-isotope-entry post-1848 entry type-portfolio has-media\"><div class=\"portfolio-entry-inner entry-inner wpex-clr\"><div class=\"portfolio-entry-media entry-media wpex-clr overlay-parent overlay-parent-title-excerpt-hover\"><a href=\"https:\/\/tasarimtakarim.com\/fr\/index.php\/portfolio-item\/bros\/\" title=\"Broche\" class=\"portfolio-entry-media-link\"><img loading=\"lazy\" decoding=\"async\" src=\"https:\/\/tasarimtakarim.com\/wp-content\/uploads\/2016\/09\/Tasarim-Takrim-Bro\u015f-03-600x350.jpg\" width=\"600\" height=\"350\" class=\"portfolio-entry-img\" alt=\"Broche\" data-no-retina=\"\" \/><div class=\"overlay-title-excerpt-hover overlay-hide theme-overlay textcenter\"><div class=\"overlay-table clr\"><div class=\"overlay-table-cell clr\"><div class=\"overlay-title\">Broche<\/div><div class=\"overlay-excerpt\">Personnalis\u00e9\u00a0d'argent et\u00a0plaqu\u00e9 or broches et cadeaux de l'art de votre enfant<\/div><\/div><\/div><\/div><\/a><\/div><div class=\"portfolio-entry-details entry-details wpex-clr\"><div class=\"match-height-content\"><h2 class=\"portfolio-entry-title entry-title\" style=\"font-size:14px;font-weight:600;\"><a href=\"https:\/\/tasarimtakarim.com\/fr\/index.php\/portfolio-item\/bros\/\" title=\"Broche\">Broche<\/a><\/h2><\/div><\/div><\/div><\/div><div class=\"portfolio-entry entry-has-details span_1_of_3 col col-1 vcex-isotope-entry post-2000 entry type-portfolio has-media\"><div class=\"portfolio-entry-inner entry-inner wpex-clr\"><div class=\"portfolio-entry-media entry-media wpex-clr overlay-parent overlay-parent-title-excerpt-hover\"><a href=\"https:\/\/tasarimtakarim.com\/fr\/index.php\/portfolio-item\/deri-bilezik\/\" title=\"Bracelet en cuir\" class=\"portfolio-entry-media-link\"><img loading=\"lazy\" decoding=\"async\" src=\"https:\/\/tasarimtakarim.com\/wp-content\/uploads\/2016\/10\/Ahu-Batum-Cengiz-Ata-Kaan-Cengiz-2-600x350.jpg\" width=\"600\" height=\"350\" class=\"portfolio-entry-img\" alt=\"Bracelet En Cuir\" data-no-retina=\"\" \/><div class=\"overlay-title-excerpt-hover overlay-hide theme-overlay textcenter\"><div class=\"overlay-table clr\"><div class=\"overlay-table-cell clr\"><div class=\"overlay-title\">Bracelet en cuir<\/div><div class=\"overlay-excerpt\">Transformer les dessins de vos enfants dans des bracelets en cuir ...<\/div><\/div><\/div><\/div><\/a><\/div><div class=\"portfolio-entry-details entry-details wpex-clr\"><div class=\"match-height-content\"><h2 class=\"portfolio-entry-title entry-title\" style=\"font-size:14px;font-weight:600;\"><a href=\"https:\/\/tasarimtakarim.com\/fr\/index.php\/portfolio-item\/deri-bilezik\/\" title=\"Bracelet en cuir\">Bracelet en cuir<\/a><\/h2><\/div><\/div><\/div><\/div><div class=\"portfolio-entry entry-has-details span_1_of_3 col col-2 vcex-isotope-entry post-1844 entry type-portfolio has-media\"><div class=\"portfolio-entry-inner entry-inner wpex-clr\"><div class=\"portfolio-entry-media entry-media wpex-clr overlay-parent overlay-parent-title-excerpt-hover\"><a href=\"https:\/\/tasarimtakarim.com\/fr\/index.php\/portfolio-item\/sculptures-de-table\/\" title=\"Sculptures de table\" class=\"portfolio-entry-media-link\"><img loading=\"lazy\" decoding=\"async\" src=\"https:\/\/tasarimtakarim.com\/wp-content\/uploads\/2016\/10\/Nil-Ersoy-570x350.jpg\" width=\"570\" height=\"350\" class=\"portfolio-entry-img\" alt=\"Sculptures De Table\" data-no-retina=\"\" \/><div class=\"overlay-title-excerpt-hover overlay-hide theme-overlay textcenter\"><div class=\"overlay-table clr\"><div class=\"overlay-table-cell clr\"><div class=\"overlay-title\">Sculptures de table<\/div><div class=\"overlay-excerpt\">Transformer les dessins de vos enfants\u00a0en sculptures uniques et pr\u00e9cieux<\/div><\/div><\/div><\/div><\/a><\/div><div class=\"portfolio-entry-details entry-details wpex-clr\"><div class=\"match-height-content\"><h2 class=\"portfolio-entry-title entry-title\" style=\"font-size:14px;font-weight:600;\"><a href=\"https:\/\/tasarimtakarim.com\/fr\/index.php\/portfolio-item\/sculptures-de-table\/\" title=\"Sculptures de table\">Sculptures de table<\/a><\/h2><\/div><\/div><\/div><\/div><div class=\"portfolio-entry entry-has-details span_1_of_3 col col-3 vcex-isotope-entry post-1982 entry type-portfolio has-media\"><div class=\"portfolio-entry-inner entry-inner wpex-clr\"><div class=\"portfolio-entry-media entry-media wpex-clr overlay-parent overlay-parent-title-excerpt-hover\"><a href=\"https:\/\/tasarimtakarim.com\/fr\/index.php\/portfolio-item\/bilezik\/\" title=\"Bracelet\" class=\"portfolio-entry-media-link\"><img loading=\"lazy\" decoding=\"async\" src=\"https:\/\/tasarimtakarim.com\/wp-content\/uploads\/2016\/10\/Aki-Wong-Ki-Wong-02-600x350.jpg\" width=\"600\" height=\"350\" class=\"portfolio-entry-img\" alt=\"Bracelet\" data-no-retina=\"\" \/><div class=\"overlay-title-excerpt-hover overlay-hide theme-overlay textcenter\"><div class=\"overlay-table clr\"><div class=\"overlay-table-cell clr\"><div class=\"overlay-title\">Bracelet<\/div><div class=\"overlay-excerpt\">Transformez vos dessins d\u2019enfants \u00e0 des bracelets\u00a0uniques et pr\u00e9cieux<\/div><\/div><\/div><\/div><\/a><\/div><div class=\"portfolio-entry-details entry-details wpex-clr\"><div class=\"match-height-content\"><h2 class=\"portfolio-entry-title entry-title\" style=\"font-size:14px;font-weight:600;\"><a href=\"https:\/\/tasarimtakarim.com\/fr\/index.php\/portfolio-item\/bilezik\/\" title=\"Bracelet\">Bracelet<\/a><\/h2><\/div><\/div><\/div><\/div><div class=\"portfolio-entry entry-has-details span_1_of_3 col col-1 vcex-isotope-entry post-2531 entry type-portfolio has-media\"><div class=\"portfolio-entry-inner entry-inner wpex-clr\"><div class=\"portfolio-entry-media entry-media wpex-clr overlay-parent overlay-parent-title-excerpt-hover\"><a href=\"https:\/\/tasarimtakarim.com\/fr\/index.php\/portfolio-item\/anahtarlik\/\" title=\"Porte-cl\u00e9s en argent\" class=\"portfolio-entry-media-link\"><img loading=\"lazy\" decoding=\"async\" src=\"https:\/\/tasarimtakarim.com\/wp-content\/uploads\/2016\/10\/anahtarl\u0131k-1-600x350.jpg\" width=\"600\" height=\"350\" class=\"portfolio-entry-img\" alt=\"Porte-cl\u00e9s En Argent\" data-no-retina=\"\" \/><div class=\"overlay-title-excerpt-hover overlay-hide theme-overlay textcenter\"><div class=\"overlay-table clr\"><div class=\"overlay-table-cell clr\"><div class=\"overlay-title\">Porte-cl\u00e9s en argent<\/div><div class=\"overlay-excerpt\">Vous pouvez transformer les dessins de votre enfant en porte-cl\u00e9s sp\u00e9ciaux et uniques...<\/div><\/div><\/div><\/div><\/a><\/div><div class=\"portfolio-entry-details entry-details wpex-clr\"><div class=\"match-height-content\"><h2 class=\"portfolio-entry-title entry-title\" style=\"font-size:14px;font-weight:600;\"><a href=\"https:\/\/tasarimtakarim.com\/fr\/index.php\/portfolio-item\/anahtarlik\/\" title=\"Porte-cl\u00e9s en argent\">Porte-cl\u00e9s en argent<\/a><\/h2><\/div><\/div><\/div><\/div><div class=\"portfolio-entry entry-has-details span_1_of_3 col col-2 vcex-isotope-entry post-2537 entry type-portfolio has-media\"><div class=\"portfolio-entry-inner entry-inner wpex-clr\"><div class=\"portfolio-entry-media entry-media wpex-clr overlay-parent overlay-parent-title-excerpt-hover\"><a href=\"https:\/\/tasarimtakarim.com\/fr\/index.php\/portfolio-item\/earrings\/\" title=\"Boucles d&rsquo;oreilles\" class=\"portfolio-entry-media-link\"><img loading=\"lazy\" decoding=\"async\" src=\"https:\/\/tasarimtakarim.com\/wp-content\/uploads\/2016\/10\/k\u00fcpe2-1-600x350.jpg\" width=\"600\" height=\"350\" class=\"portfolio-entry-img\" alt=\"Boucles D&rsquo;oreilles\" data-no-retina=\"\" \/><div class=\"overlay-title-excerpt-hover overlay-hide theme-overlay textcenter\"><div class=\"overlay-table clr\"><div class=\"overlay-table-cell clr\"><div class=\"overlay-title\">Boucles d&rsquo;oreilles<\/div><div class=\"overlay-excerpt\">Transformez les dessins de vos enfants en boucles d'oreilles uniques et pr\u00e9cieuses, un cadeau personnalis\u00e9&hellip;<\/div><\/div><\/div><\/div><\/a><\/div><div class=\"portfolio-entry-details entry-details wpex-clr\"><div class=\"match-height-content\"><h2 class=\"portfolio-entry-title entry-title\" style=\"font-size:14px;font-weight:600;\"><a href=\"https:\/\/tasarimtakarim.com\/fr\/index.php\/portfolio-item\/earrings\/\" title=\"Boucles d&rsquo;oreilles\">Boucles d&rsquo;oreilles<\/a><\/h2><\/div><\/div><\/div><\/div><div class=\"portfolio-entry entry-has-details span_1_of_3 col col-3 vcex-isotope-entry post-2540 entry type-portfolio has-media\"><div class=\"portfolio-entry-inner entry-inner wpex-clr\"><div class=\"portfolio-entry-media entry-media wpex-clr overlay-parent overlay-parent-title-excerpt-hover\"><a href=\"https:\/\/tasarimtakarim.com\/fr\/index.php\/portfolio-item\/bookmark\/\" title=\"Signet\" class=\"portfolio-entry-media-link\"><img loading=\"lazy\" decoding=\"async\" src=\"https:\/\/tasarimtakarim.com\/wp-content\/uploads\/2017\/05\/bookmark2-600x350.jpg\" width=\"600\" height=\"350\" class=\"portfolio-entry-img\" alt=\"Signet\" data-no-retina=\"\" \/><div class=\"overlay-title-excerpt-hover overlay-hide theme-overlay textcenter\"><div class=\"overlay-table clr\"><div class=\"overlay-table-cell clr\"><div class=\"overlay-title\">Signet<\/div><div class=\"overlay-excerpt\">Transformez les dessins de vos enfants en signets argent\u00e9s uniques et pr\u00e9cieux, un cadeau personnalis\u00e9&hellip;<\/div><\/div><\/div><\/div><\/a><\/div><div class=\"portfolio-entry-details entry-details wpex-clr\"><div class=\"match-height-content\"><h2 class=\"portfolio-entry-title entry-title\" style=\"font-size:14px;font-weight:600;\"><a href=\"https:\/\/tasarimtakarim.com\/fr\/index.php\/portfolio-item\/bookmark\/\" title=\"Signet\">Signet<\/a><\/h2><\/div><\/div><\/div><\/div><div class=\"portfolio-entry entry-has-details span_1_of_3 col col-1 vcex-isotope-entry post-1950 entry type-portfolio has-media\"><div class=\"portfolio-entry-inner entry-inner wpex-clr\"><div class=\"portfolio-entry-media entry-media wpex-clr overlay-parent overlay-parent-title-excerpt-hover\"><a href=\"https:\/\/tasarimtakarim.com\/fr\/index.php\/portfolio-item\/kol-dugmesi\/\" title=\"Boutons de manchette\" class=\"portfolio-entry-media-link\"><img loading=\"lazy\" decoding=\"async\" src=\"https:\/\/tasarimtakarim.com\/wp-content\/uploads\/2016\/10\/Ewa-Bankiewicz02-600x350.jpg\" width=\"600\" height=\"350\" class=\"portfolio-entry-img\" alt=\"Boutons De Manchette\" data-no-retina=\"\" \/><div class=\"overlay-title-excerpt-hover overlay-hide theme-overlay textcenter\"><div class=\"overlay-table clr\"><div class=\"overlay-table-cell clr\"><div class=\"overlay-title\">Boutons de manchette<\/div><div class=\"overlay-excerpt\">Transformez vos dessins d\u2019enfants \u00e0 des boutons de manchette uniques et pr\u00e9cieux...<\/div><\/div><\/div><\/div><\/a><\/div><div class=\"portfolio-entry-details entry-details wpex-clr\"><div class=\"match-height-content\"><h2 class=\"portfolio-entry-title entry-title\" style=\"font-size:14px;font-weight:600;\"><a href=\"https:\/\/tasarimtakarim.com\/fr\/index.php\/portfolio-item\/kol-dugmesi\/\" title=\"Boutons de manchette\">Boutons de manchette<\/a><\/h2><\/div><\/div><\/div><\/div><\/div><\/div>[\/vc_column][\/vc_row][vc_row center_row=\u00a0\u00bbyes\u00a0\u00bb][vc_column width=\u00a0\u00bb1\/3&Prime;]<div class=\"vcex-module vcex-icon-box clr vcex-icon-box-two textcenter\"><div class=\"vcex-icon-box-icon\" style=\"color:#c5a47e;font-size:32px;\"><span class=\"vc_li vc_li-heart\"><\/span><\/div><h2 class=\"vcex-icon-box-heading\" style=\"font-size:18px;\" >Tasarim Takarim<\/h2><div class=\"vcex-icon-box-content clr\" ><p style=\"text-align: left\">Nous croyons que l&rsquo;art des enfants est le plus important \u00e9tat\u00a0de construction de la cr\u00e9ativit\u00e9. Et l&rsquo;appreciation les dessins des enfants de dessin est la meilleure fa\u00e7on de les soutenir. Avec plaisir et amour, nous transformons les dessins de vos enfants aux bijoux uniques et pourraient \u00eatre utilis\u00e9 quotidiennement.<\/p>\n<\/div><\/div>[\/vc_column][vc_column width=\u00a0\u00bb1\/3&Prime;]<div class=\"vcex-module vcex-icon-box clr vcex-icon-box-two textcenter\"><div class=\"vcex-icon-box-icon\" style=\"color:#c5a47e;font-size:32px;\"><span class=\"vc_li vc_li-diamond\"><\/span><\/div><h2 class=\"vcex-icon-box-heading\" style=\"font-size:18px;\" >Bijoux<\/h2><div class=\"vcex-icon-box-content clr\" ><p>Nous appliquons les dessins en l&rsquo;argent 925k ou en l&rsquo;argent plaqu\u00e9 or.<br \/>\nNos prix varient selon les tailles.<\/p>\n<p>Vous trouverez des informations d\u00e9taill\u00e9es dans notre rubrique \u00ab\u00a0<a href=\"http:\/\/tasarimtakarim.com\/index.php\/portfolio-item\/gumus-kolye\/?lang=fr\">Bijoux<\/a>\u00ab\u00a0.<\/p>\n<\/div><\/div>[\/vc_column][vc_column width=\u00a0\u00bb1\/3&Prime;]<div class=\"vcex-module vcex-icon-box clr vcex-icon-box-two textcenter\"><div class=\"vcex-icon-box-icon\" style=\"color:#c5a47e;font-size:32px;\"><span class=\"vc_li vc_li-pen\"><\/span><\/div><h2 class=\"vcex-icon-box-heading\" style=\"font-size:18px;\" > Comment commander?<\/h2><div class=\"vcex-icon-box-content clr\" ><p style=\"text-align: left\">Vous pouvez envoyer les photos de vos dessins et vos questions \u00e0 info@tasarimtakarim.com<\/p>\n<\/div><\/div>[\/vc_column][\/vc_row][vc_row center_row=\u00a0\u00bbyes\u00a0\u00bb css=\u00a0\u00bb.vc_custom_1475237261145{margin-bottom: 60px !important;padding-top: 80px !important;padding-bottom: 80px !important;background-image: url(http:\/\/tasarimtakarim.com\/wp-content\/uploads\/2016\/09\/DSC08815.jpg?id=1447) !important;background-position: center !important;background-repeat: no-repeat !important;background-size: cover !important;}\u00a0\u00bb el_class=\u00a0\u00bbbg-fixed\u00a0\u00bb][vc_column margin_bottom=\u00a0\u00bb0px\u00a0\u00bb][\/vc_column][\/vc_row][vc_row center_row=\u00a0\u00bbyes\u00a0\u00bb margin_bottom=\u00a0\u00bb20px\u00a0\u00bb][vc_column][vc_column_text]\n<p style=\"text-align: left;\"><a href=\"https:\/\/www.etsy.com\/shop\/TasarimTakarim\" target=\"_blank\" rel=\"noopener\"><img loading=\"lazy\" decoding=\"async\" class=\"alignleft wp-image-1736\" src=\"http:\/\/tasarimtakarim.com\/wp-content\/uploads\/2015\/01\/images-150x117.png\" width=\"79\" height=\"45\" \/><\/a><\/p>\n<p style=\"text-align: left;\">Etsy:\u00a0<a href=\"https:\/\/www.etsy.com\/shop\/TasarimTakarim\" target=\"_blank\" rel=\"noopener\">https:\/\/www.etsy.com\/shop\/TasarimTakarim<\/a><\/p>\n<p style=\"text-align: left;\">Vous pouvez aussi visiter notre boutique Etsy.<\/p>\n[\/vc_column_text][\/vc_column][\/vc_row]\n","protected":false},"excerpt":{"rendered":"<p>[vc_row][vc_column][vc_column_text] Transformez les dessins de vos enfants aux bijoux uniques et \u00e9ternels [vc_row][vc_column][vc_column_text]] Bijoux con\u00e7u par les enfants &amp; cadeaux uniques de l&rsquo;art des enfants [\/vc_column_text][\/vc_column][\/vc_row][vc_row center_row=\u00a0\u00bbyes\u00a0\u00bb][vc_column width=\u00a0\u00bb1\/3&Prime;][\/vc_column][vc_column width=\u00a0\u00bb1\/3&Prime;][\/vc_column][vc_column width=\u00a0\u00bb1\/3&Prime;][\/vc_column][\/vc_row][vc_row center_row=\u00a0\u00bbyes\u00a0\u00bb css=\u00a0\u00bb.vc_custom_1475237261145{margin-bottom: 60px !important;padding-top: 80px !important;padding-bottom: 80px !important;background-image: url(http:\/\/tasarimtakarim.com\/wp-content\/uploads\/2016\/09\/DSC08815.jpg?id=1447) !important;background-position:&hellip;<\/p>\n","protected":false},"author":1,"featured_media":0,"parent":0,"menu_order":0,"comment_status":"closed","ping_status":"closed","template":"","meta":{"_monsterinsights_skip_tracking":false,"_monsterinsights_sitenote_active":false,"_monsterinsights_sitenote_note":"","_monsterinsights_sitenote_category":0,"footnotes":""},"class_list":["post-1464","page","type-page","status-publish","hentry","entry","no-media"],"aioseo_notices":[],"_links":{"self":[{"href":"https:\/\/tasarimtakarim.com\/fr\/index.php\/wp-json\/wp\/v2\/pages\/1464","targetHints":{"allow":["GET"]}}],"collection":[{"href":"https:\/\/tasarimtakarim.com\/fr\/index.php\/wp-json\/wp\/v2\/pages"}],"about":[{"href":"https:\/\/tasarimtakarim.com\/fr\/index.php\/wp-json\/wp\/v2\/types\/page"}],"author":[{"embeddable":true,"href":"https:\/\/tasarimtakarim.com\/fr\/index.php\/wp-json\/wp\/v2\/users\/1"}],"replies":[{"embeddable":true,"href":"https:\/\/tasarimtakarim.com\/fr\/index.php\/wp-json\/wp\/v2\/comments?post=1464"}],"version-history":[{"count":16,"href":"https:\/\/tasarimtakarim.com\/fr\/index.php\/wp-json\/wp\/v2\/pages\/1464\/revisions"}],"predecessor-version":[{"id":2589,"href":"https:\/\/tasarimtakarim.com\/fr\/index.php\/wp-json\/wp\/v2\/pages\/1464\/revisions\/2589"}],"wp:attachment":[{"href":"https:\/\/tasarimtakarim.com\/fr\/index.php\/wp-json\/wp\/v2\/media?parent=1464"}],"curies":[{"name":"wp","href":"https:\/\/api.w.org\/{rel}","templated":true}]}}