{"id":1859,"date":"2015-01-16T23:49:54","date_gmt":"2015-01-16T23:49:54","guid":{"rendered":"http:\/\/tasarimtakarim.com\/index.php\/our-team\/?lang=en"},"modified":"2017-11-15T07:44:24","modified_gmt":"2017-11-15T07:44:24","slug":"our-team","status":"publish","type":"page","link":"https:\/\/tasarimtakarim.com\/en\/index.php\/our-team\/","title":{"rendered":"Us"},"content":{"rendered":"[vc_row][vc_column][vc_column_text][vc_row][vc_column width=&#8221;1\/1&#8243;][vc_column_text]\n<blockquote><p>A perfect way to keepsake of your child&#8217;s creativity&#8230;<\/p>\n<p>&nbsp;<\/p><\/blockquote>\n<p>We are two artist moms, <em>Yasemin Erdin Tavuk\u00e7u<\/em> (painter &amp; children art educator) and <em>\u00d6zg\u00fcr Karavit<\/em> (sculptor &amp; goldsmith). We believe that the children drawings are the primal building stone of the children\u2019s creativity. The best way to support their creativity is to love, respect and give importance to their art.<\/p>\n<p>From that perspective, the idea of transforming the children art into timeless, precious memories was born of our desire to keep the first drawings of our kids and support them.<\/p>\n<p>After \u00d6zg\u00fcr\u2019s perfectly made brooch from the bull drawing of her son, we started to transform the children art into silver jewelries. We aimed to show the children that their art is so precious and unique.<\/p>\n<p>We founded \u201cTasarim Takarim\u201d, an Istanbul based brand. And at our boutique atelier, now we are working four\u00a0artists together as a team. We are working passionately for the perfect keepsakes of children\u2019s creativity. We are transforming the children&#8217;s drawings into silver, wearable art objects.<\/p>\n<p>Our brand has been internationally recognized and has repeatedly caught the attention of the international press and social media such as Professional Jeweller, The Hufflington Post, The Oprah Magazine, Bored Panda, Marie Claire, The Colosal\u2026<\/p>\n<p>We are applying the kids drawings into unique and precious jewelries all over the world. We work with more love and joy everyday. Because we know the proud and the happiness of wearing a jewelry designed by kids.<\/p>\n[\/vc_column_text][\/vc_column][\/vc_row][vc_row][vc_column]<div class=\"vcex-module vcex-image-grid wpex-row clr grid-style-default wpex-rounded-images\"><div class=\"id-2092 vcex-image-grid-entry span_1_of_4 col col-1\"><figure class=\"vcex-image-grid-entry-figure clr\"><div class=\"vcex-image-grid-entry-img clr hvr hvr-shadow overlay-parent overlay-parent-title-excerpt-hover\"><img loading=\"lazy\" decoding=\"async\" src=\"https:\/\/tasarimtakarim.com\/wp-content\/uploads\/2017\/02\/ozgur-200x200.jpg\" width=\"200\" height=\"200\" alt=\"Sculptor &amp; Goldsmith\" data-no-retina=\"\" \/><div class=\"overlay-title-excerpt-hover overlay-hide theme-overlay textcenter\"><div class=\"overlay-table clr\"><div class=\"overlay-table-cell clr\"><div class=\"overlay-title\">\u00d6zg\u00fcr Karavit<\/div><div class=\"overlay-excerpt\">Sculptor & Goldsmith<\/div><\/div><\/div><\/div><\/div><\/figure><\/div><div class=\"id-2094 vcex-image-grid-entry span_1_of_4 col col-2\"><figure class=\"vcex-image-grid-entry-figure clr\"><div class=\"vcex-image-grid-entry-img clr hvr hvr-shadow overlay-parent overlay-parent-title-excerpt-hover\"><img loading=\"lazy\" decoding=\"async\" src=\"https:\/\/tasarimtakarim.com\/wp-content\/uploads\/2015\/01\/yasemin-1-200x200.jpg\" width=\"200\" height=\"200\" alt=\"Painter &amp; Art Educator\" data-no-retina=\"\" \/><div class=\"overlay-title-excerpt-hover overlay-hide theme-overlay textcenter\"><div class=\"overlay-table clr\"><div class=\"overlay-table-cell clr\"><div class=\"overlay-title\">Yasemin Erdin Tavuk\u00e7u<\/div><div class=\"overlay-excerpt\">Painter & Art Educator<\/div><\/div><\/div><\/div><\/div><\/figure><\/div><div class=\"id-2100 vcex-image-grid-entry span_1_of_4 col col-3\"><figure class=\"vcex-image-grid-entry-figure clr\"><div class=\"vcex-image-grid-entry-img clr hvr hvr-shadow overlay-parent overlay-parent-title-excerpt-hover\"><img loading=\"lazy\" decoding=\"async\" src=\"https:\/\/tasarimtakarim.com\/wp-content\/uploads\/2015\/01\/ers-200x200.jpg\" width=\"200\" height=\"200\" alt=\"Sculptor &amp; Designer\" data-no-retina=\"\" \/><div class=\"overlay-title-excerpt-hover overlay-hide theme-overlay textcenter\"><div class=\"overlay-table clr\"><div class=\"overlay-table-cell clr\"><div class=\"overlay-title\">Ersin Tavukcu<\/div><div class=\"overlay-excerpt\">Sculptor & Designer<\/div><\/div><\/div><\/div><\/div><\/figure><\/div><div class=\"id-2101 vcex-image-grid-entry span_1_of_4 col col-4\"><figure class=\"vcex-image-grid-entry-figure clr\"><div class=\"vcex-image-grid-entry-img clr hvr hvr-shadow overlay-parent overlay-parent-title-excerpt-hover\"><img loading=\"lazy\" decoding=\"async\" src=\"https:\/\/tasarimtakarim.com\/wp-content\/uploads\/2015\/01\/erdem-200x200.jpg\" width=\"200\" height=\"200\" alt=\"Painter\" data-no-retina=\"\" \/><div class=\"overlay-title-excerpt-hover overlay-hide theme-overlay textcenter\"><div class=\"overlay-table clr\"><div class=\"overlay-table-cell clr\"><div class=\"overlay-title\">Erdem Karavit<\/div><div class=\"overlay-excerpt\">Painter<\/div><\/div><\/div><\/div><\/div><\/figure><\/div><\/div>[\/vc_column][\/vc_row]\n<iframe loading=\"lazy\"  style=\"display: block; margin: 0px auto;\"  id=\"_ytid_81170\"  width=\"980\" height=\"735\"  data-origwidth=\"980\" data-origheight=\"735\" src=\"https:\/\/www.youtube.com\/embed\/wl9KIHGQbDI?enablejsapi=1&autoplay=0&cc_load_policy=0&cc_lang_pref=&iv_load_policy=3&loop=1&playlist=wl9KIHGQbDI&rel=0&fs=1&playsinline=0&autohide=2&theme=dark&color=red&controls=1&disablekb=0&\" class=\"__youtube_prefs__  no-lazyload\" data-vol=\"0\"  data-epautoplay=\"1\"  title=\"YouTube player\"  allow=\"fullscreen; accelerometer; autoplay; clipboard-write; encrypted-media; gyroscope; picture-in-picture; web-share\" referrerpolicy=\"strict-origin-when-cross-origin\" allowfullscreen data-no-lazy=\"1\" data-skipgform_ajax_framebjll=\"\"><\/iframe>\n","protected":false},"excerpt":{"rendered":"<p>[vc_row][vc_column][vc_column_text][vc_row][vc_column width=&#8221;1\/1&#8243;][vc_column_text] A perfect way to keepsake of your child&#8217;s creativity&#8230; &nbsp; We are two artist moms, Yasemin Erdin Tavuk\u00e7u (painter &amp; children art educator) and \u00d6zg\u00fcr Karavit (sculptor &amp; goldsmith). We believe that the children drawings are the primal&hellip;<\/p>\n","protected":false},"author":1,"featured_media":0,"parent":0,"menu_order":0,"comment_status":"closed","ping_status":"closed","template":"","meta":{"_monsterinsights_skip_tracking":false,"_monsterinsights_sitenote_active":false,"_monsterinsights_sitenote_note":"","_monsterinsights_sitenote_category":0,"footnotes":""},"class_list":["post-1859","page","type-page","status-publish","hentry","entry","no-media"],"aioseo_notices":[],"_links":{"self":[{"href":"https:\/\/tasarimtakarim.com\/en\/index.php\/wp-json\/wp\/v2\/pages\/1859","targetHints":{"allow":["GET"]}}],"collection":[{"href":"https:\/\/tasarimtakarim.com\/en\/index.php\/wp-json\/wp\/v2\/pages"}],"about":[{"href":"https:\/\/tasarimtakarim.com\/en\/index.php\/wp-json\/wp\/v2\/types\/page"}],"author":[{"embeddable":true,"href":"https:\/\/tasarimtakarim.com\/en\/index.php\/wp-json\/wp\/v2\/users\/1"}],"replies":[{"embeddable":true,"href":"https:\/\/tasarimtakarim.com\/en\/index.php\/wp-json\/wp\/v2\/comments?post=1859"}],"version-history":[{"count":11,"href":"https:\/\/tasarimtakarim.com\/en\/index.php\/wp-json\/wp\/v2\/pages\/1859\/revisions"}],"predecessor-version":[{"id":2324,"href":"https:\/\/tasarimtakarim.com\/en\/index.php\/wp-json\/wp\/v2\/pages\/1859\/revisions\/2324"}],"wp:attachment":[{"href":"https:\/\/tasarimtakarim.com\/en\/index.php\/wp-json\/wp\/v2\/media?parent=1859"}],"curies":[{"name":"wp","href":"https:\/\/api.w.org\/{rel}","templated":true}]}}